{"id":1291,"date":"2022-01-12T15:35:16","date_gmt":"2022-01-12T14:35:16","guid":{"rendered":"https:\/\/residencepdn.it\/servizi\/"},"modified":"2022-10-17T15:58:12","modified_gmt":"2022-10-17T13:58:12","slug":"unsere-dienstleistungen","status":"publish","type":"page","link":"https:\/\/residencepdn.it\/de\/unsere-dienstleistungen\/","title":{"rendered":"Leistungen"},"content":{"rendered":"<p><strong>Residence Pian Della Nave Milano<\/strong> bietet Ihnen zahlreiche Unterkunftsm\u00f6glichkeiten mit unterschiedlichen Grundfl\u00e4chen an. Die Vielfalt an zus\u00e4tzlichen Dienstleistungen \u00a0wird \u00a0Ihren Aufenthalt zu einem sorgenfreien Erlebnis machen.<\/p>\n<p>Bei uns werden Sie sich wie in Ihrem eigenen Zuhause f\u00fchlen!<\/p>\n<p>&nbsp;<\/p>\n<p>Unser <strong>Kundenbetreuungsb\u00fcro<\/strong> ist f\u00fcr Ihre Anliegen von <strong>Montag bis Freitag von 9.00 bis 20.00 Uhr ansprechbar. <\/strong><\/p>\n<p>&nbsp;<\/p>\n<p><strong>Die Rezeption <\/strong>ist zu folgenden Zeiten besetzt:<\/p>\n<p><strong>montags bis freitags: \u00a0\u00a0\u00a0 von 8.00 bis 23.30 Uhr <\/strong><\/p>\n<p><strong>samstags:\u00a0 \u00a0\u00a0\u00a0\u00a0\u00a0\u00a0\u00a0\u00a0\u00a0\u00a0\u00a0\u00a0\u00a0\u00a0\u00a0\u00a0\u00a0\u00a0\u00a0\u00a0\u00a0\u00a0\u00a0\u00a0 von 8.00 bis 22.00 Uhr<\/strong><\/p>\n<p><strong>sonntags:\u00a0 \u00a0\u00a0\u00a0\u00a0\u00a0\u00a0\u00a0\u00a0\u00a0\u00a0\u00a0\u00a0\u00a0\u00a0\u00a0\u00a0\u00a0\u00a0\u00a0\u00a0\u00a0\u00a0\u00a0\u00a0\u00a0 von 09.00 bis 13.00 Uhr<\/strong><\/p>\n<p>Unser Empfangsteam wird sich freuen, Sie herzlich willkommen zu hei\u00dfen und hilft Ihnen bei Ihren Fragen gerne weiter.\u00a0<\/p>\n","protected":false},"excerpt":{"rendered":"<p>Residence Pian Della Nave Milano bietet Ihnen zahlreiche Unterkunftsm\u00f6glichkeiten mit unterschiedlichen Grundfl\u00e4chen an. Die Vielfalt an zus\u00e4tzlichen Dienstleistungen \u00a0wird \u00a0Ihren Aufenthalt zu einem sorgenfreien Erlebnis machen. Bei uns werden Sie sich wie in Ihrem eigenen Zuhause f\u00fchlen! &nbsp; Unser Kundenbetreuungsb\u00fcro ist f\u00fcr Ihre Anliegen von Montag bis Freitag von 9.00 bis 20.00 Uhr ansprechbar. &nbsp; [&hellip;]<\/p>\n","protected":false},"author":1,"featured_media":0,"parent":0,"menu_order":0,"comment_status":"closed","ping_status":"closed","template":"","meta":{"_acf_changed":false,"footnotes":""},"class_list":["post-1291","page","type-page","status-publish","hentry"],"acf":[],"yoast_head":"<!-- This site is optimized with the Yoast SEO plugin v26.9 - https:\/\/yoast.com\/product\/yoast-seo-wordpress\/ -->\n<title>Unsere dienstleistungen - Residence Pian della Nave Mailand<\/title>\n<meta name=\"description\" content=\"Unsere dienstleistungen. Die Wohnanlagen-Residenz Pian della Nave bietet Ihnen neben L\u00f6sungen f\u00fcr komfortables Wohnen auch alle erforderlichen Leistungen, damit Ihr Aufenthalt entspannend und angenehm wird uns Sie sich wie zu Hause f\u00fchlen.\" \/>\n<meta name=\"robots\" content=\"index, follow, max-snippet:-1, max-image-preview:large, max-video-preview:-1\" \/>\n<link rel=\"canonical\" href=\"https:\/\/residencepdn.it\/de\/unsere-dienstleistungen\/\" \/>\n<meta property=\"og:locale\" content=\"de_DE\" \/>\n<meta property=\"og:type\" content=\"article\" \/>\n<meta property=\"og:title\" content=\"Unsere dienstleistungen - Residence Pian della Nave Mailand\" \/>\n<meta property=\"og:description\" content=\"Unsere dienstleistungen. Die Wohnanlagen-Residenz Pian della Nave bietet Ihnen neben L\u00f6sungen f\u00fcr komfortables Wohnen auch alle erforderlichen Leistungen, damit Ihr Aufenthalt entspannend und angenehm wird uns Sie sich wie zu Hause f\u00fchlen.\" \/>\n<meta property=\"og:url\" content=\"https:\/\/residencepdn.it\/de\/unsere-dienstleistungen\/\" \/>\n<meta property=\"og:site_name\" content=\"Residence Pian Della Nave\" \/>\n<meta property=\"article:modified_time\" content=\"2022-10-17T13:58:12+00:00\" \/>\n<meta name=\"twitter:card\" content=\"summary_large_image\" \/>\n<script type=\"application\/ld+json\" class=\"yoast-schema-graph\">{\"@context\":\"https:\/\/schema.org\",\"@graph\":[{\"@type\":\"WebPage\",\"@id\":\"https:\/\/residencepdn.it\/de\/unsere-dienstleistungen\/\",\"url\":\"https:\/\/residencepdn.it\/de\/unsere-dienstleistungen\/\",\"name\":\"Unsere dienstleistungen - Residence Pian della Nave Mailand\",\"isPartOf\":{\"@id\":\"https:\/\/residencepdn.it\/#website\"},\"datePublished\":\"2022-01-12T14:35:16+00:00\",\"dateModified\":\"2022-10-17T13:58:12+00:00\",\"description\":\"Unsere dienstleistungen. Die Wohnanlagen-Residenz Pian della Nave bietet Ihnen neben L\u00f6sungen f\u00fcr komfortables Wohnen auch alle erforderlichen Leistungen, damit Ihr Aufenthalt entspannend und angenehm wird uns Sie sich wie zu Hause f\u00fchlen.\",\"breadcrumb\":{\"@id\":\"https:\/\/residencepdn.it\/de\/unsere-dienstleistungen\/#breadcrumb\"},\"inLanguage\":\"de\",\"potentialAction\":[{\"@type\":\"ReadAction\",\"target\":[\"https:\/\/residencepdn.it\/de\/unsere-dienstleistungen\/\"]}]},{\"@type\":\"BreadcrumbList\",\"@id\":\"https:\/\/residencepdn.it\/de\/unsere-dienstleistungen\/#breadcrumb\",\"itemListElement\":[{\"@type\":\"ListItem\",\"position\":1,\"name\":\"Home\",\"item\":\"https:\/\/residencepdn.it\/de\/\"},{\"@type\":\"ListItem\",\"position\":2,\"name\":\"Leistungen\"}]},{\"@type\":\"WebSite\",\"@id\":\"https:\/\/residencepdn.it\/#website\",\"url\":\"https:\/\/residencepdn.it\/\",\"name\":\"Residence Pian Della Nave\",\"description\":\"Appartamenti residence Milano\",\"publisher\":{\"@id\":\"https:\/\/residencepdn.it\/#organization\"},\"potentialAction\":[{\"@type\":\"SearchAction\",\"target\":{\"@type\":\"EntryPoint\",\"urlTemplate\":\"https:\/\/residencepdn.it\/?s={search_term_string}\"},\"query-input\":{\"@type\":\"PropertyValueSpecification\",\"valueRequired\":true,\"valueName\":\"search_term_string\"}}],\"inLanguage\":\"de\"},{\"@type\":\"Organization\",\"@id\":\"https:\/\/residencepdn.it\/#organization\",\"name\":\"Pian della Nave Srl\",\"url\":\"https:\/\/residencepdn.it\/\",\"logo\":{\"@type\":\"ImageObject\",\"inLanguage\":\"de\",\"@id\":\"https:\/\/residencepdn.it\/#\/schema\/logo\/image\/\",\"url\":\"https:\/\/residencepdn.it\/wp-content\/uploads\/2022\/01\/residence-pian-della-nave-milano.png\",\"contentUrl\":\"https:\/\/residencepdn.it\/wp-content\/uploads\/2022\/01\/residence-pian-della-nave-milano.png\",\"width\":120,\"height\":101,\"caption\":\"Pian della Nave Srl\"},\"image\":{\"@id\":\"https:\/\/residencepdn.it\/#\/schema\/logo\/image\/\"}}]}<\/script>\n<!-- \/ Yoast SEO plugin. -->","yoast_head_json":{"title":"Unsere dienstleistungen - Residence Pian della Nave Mailand","description":"Unsere dienstleistungen. Die Wohnanlagen-Residenz Pian della Nave bietet Ihnen neben L\u00f6sungen f\u00fcr komfortables Wohnen auch alle erforderlichen Leistungen, damit Ihr Aufenthalt entspannend und angenehm wird uns Sie sich wie zu Hause f\u00fchlen.","robots":{"index":"index","follow":"follow","max-snippet":"max-snippet:-1","max-image-preview":"max-image-preview:large","max-video-preview":"max-video-preview:-1"},"canonical":"https:\/\/residencepdn.it\/de\/unsere-dienstleistungen\/","og_locale":"de_DE","og_type":"article","og_title":"Unsere dienstleistungen - Residence Pian della Nave Mailand","og_description":"Unsere dienstleistungen. Die Wohnanlagen-Residenz Pian della Nave bietet Ihnen neben L\u00f6sungen f\u00fcr komfortables Wohnen auch alle erforderlichen Leistungen, damit Ihr Aufenthalt entspannend und angenehm wird uns Sie sich wie zu Hause f\u00fchlen.","og_url":"https:\/\/residencepdn.it\/de\/unsere-dienstleistungen\/","og_site_name":"Residence Pian Della Nave","article_modified_time":"2022-10-17T13:58:12+00:00","twitter_card":"summary_large_image","schema":{"@context":"https:\/\/schema.org","@graph":[{"@type":"WebPage","@id":"https:\/\/residencepdn.it\/de\/unsere-dienstleistungen\/","url":"https:\/\/residencepdn.it\/de\/unsere-dienstleistungen\/","name":"Unsere dienstleistungen - Residence Pian della Nave Mailand","isPartOf":{"@id":"https:\/\/residencepdn.it\/#website"},"datePublished":"2022-01-12T14:35:16+00:00","dateModified":"2022-10-17T13:58:12+00:00","description":"Unsere dienstleistungen. Die Wohnanlagen-Residenz Pian della Nave bietet Ihnen neben L\u00f6sungen f\u00fcr komfortables Wohnen auch alle erforderlichen Leistungen, damit Ihr Aufenthalt entspannend und angenehm wird uns Sie sich wie zu Hause f\u00fchlen.","breadcrumb":{"@id":"https:\/\/residencepdn.it\/de\/unsere-dienstleistungen\/#breadcrumb"},"inLanguage":"de","potentialAction":[{"@type":"ReadAction","target":["https:\/\/residencepdn.it\/de\/unsere-dienstleistungen\/"]}]},{"@type":"BreadcrumbList","@id":"https:\/\/residencepdn.it\/de\/unsere-dienstleistungen\/#breadcrumb","itemListElement":[{"@type":"ListItem","position":1,"name":"Home","item":"https:\/\/residencepdn.it\/de\/"},{"@type":"ListItem","position":2,"name":"Leistungen"}]},{"@type":"WebSite","@id":"https:\/\/residencepdn.it\/#website","url":"https:\/\/residencepdn.it\/","name":"Residence Pian Della Nave","description":"Appartamenti residence Milano","publisher":{"@id":"https:\/\/residencepdn.it\/#organization"},"potentialAction":[{"@type":"SearchAction","target":{"@type":"EntryPoint","urlTemplate":"https:\/\/residencepdn.it\/?s={search_term_string}"},"query-input":{"@type":"PropertyValueSpecification","valueRequired":true,"valueName":"search_term_string"}}],"inLanguage":"de"},{"@type":"Organization","@id":"https:\/\/residencepdn.it\/#organization","name":"Pian della Nave Srl","url":"https:\/\/residencepdn.it\/","logo":{"@type":"ImageObject","inLanguage":"de","@id":"https:\/\/residencepdn.it\/#\/schema\/logo\/image\/","url":"https:\/\/residencepdn.it\/wp-content\/uploads\/2022\/01\/residence-pian-della-nave-milano.png","contentUrl":"https:\/\/residencepdn.it\/wp-content\/uploads\/2022\/01\/residence-pian-della-nave-milano.png","width":120,"height":101,"caption":"Pian della Nave Srl"},"image":{"@id":"https:\/\/residencepdn.it\/#\/schema\/logo\/image\/"}}]}},"_links":{"self":[{"href":"https:\/\/residencepdn.it\/de\/wp-json\/wp\/v2\/pages\/1291","targetHints":{"allow":["GET"]}}],"collection":[{"href":"https:\/\/residencepdn.it\/de\/wp-json\/wp\/v2\/pages"}],"about":[{"href":"https:\/\/residencepdn.it\/de\/wp-json\/wp\/v2\/types\/page"}],"author":[{"embeddable":true,"href":"https:\/\/residencepdn.it\/de\/wp-json\/wp\/v2\/users\/1"}],"replies":[{"embeddable":true,"href":"https:\/\/residencepdn.it\/de\/wp-json\/wp\/v2\/comments?post=1291"}],"version-history":[{"count":0,"href":"https:\/\/residencepdn.it\/de\/wp-json\/wp\/v2\/pages\/1291\/revisions"}],"wp:attachment":[{"href":"https:\/\/residencepdn.it\/de\/wp-json\/wp\/v2\/media?parent=1291"}],"curies":[{"name":"wp","href":"https:\/\/api.w.org\/{rel}","templated":true}]}}