{"id":1301,"date":"2022-01-13T12:22:04","date_gmt":"2022-01-13T11:22:04","guid":{"rendered":"https:\/\/residencepdn.it\/appartamenti-milano\/"},"modified":"2022-10-17T12:39:08","modified_gmt":"2022-10-17T10:39:08","slug":"suites","status":"publish","type":"page","link":"https:\/\/residencepdn.it\/de\/suites\/","title":{"rendered":"Apartments"},"content":{"rendered":"<p><strong>Sind Sie auf der Suche nach einem Apartment in Mailand auf Kurzzeitmiete?<\/strong><\/p>\n<p>Bleiben Sie in Mailand nur f\u00fcr einen Tag oder eine Woche? M\u00f6chten Sie mehr Platz und Freiheit als in einem \u00fcblichen Hotelzimmer? Dann sind unsere Apartments die beste L\u00f6sung f\u00fcr Sie!<\/p>\n<p>Im<strong> Residence PDN Milano<\/strong> k\u00f6nnen Sie Ihren Aufenthalt in Mailand \u00a0richtig genie\u00dfen. Bei uns werden Sie sich wie zu Hause f\u00fchlen und die \u00fcblichen Dienstleistungen der Hotellerie auskosten.<\/p>\n<p>Mal im Ernst: ein Apartment auf Kurzzeitmiete in Mailand zu finden kann zu einer schwierigen Angelegenheit werden. Mietwohnungen bieten gr\u00f6\u00dftenteils nicht alle erforderlichen Vorz\u00fcge und Dienstleistungen an, die Ihnen einen unbeschwerten Auftenthalt erm\u00f6glichen, egal ob Sie gesch\u00e4ftlich, aus Reiselust oder aus reinem Vergn\u00fcgen unsere beliebste Stadt auf einer beschr\u00e4nkten Zeit entdecken m\u00f6chten.<\/p>\n<p>In <strong>Residence PDN Milano<\/strong> k\u00f6nnen Sie zwischen 2 unterschiedlichen Apartmentskategorien mit je 2 Zimmern w\u00e4hlen:\u00a0 \u201cCOMFORT\u201d und \u201cSUPERIOR\u201d. Mit Grundfl\u00e4chen von 40 bis 60 m<sup>2<\/sup> sind die Apartments vollm\u00f6bliert und mit Geschmack eingerichtet, verf\u00fcgen \u00fcber helle R\u00e4umlichkeiten und eignen sich f\u00fcr 1 bis 3 Personen.<\/p>\n<p>&nbsp;<\/p>\n<p>Alle Wohnungen verf\u00fcgen \u00fcber eine separate, voll ausgestattete Kochnische mit Fenster , sowie zus\u00e4tzliche Annehmlichkeiten wie Klimaanlage, SAT-TV mit SKY-Kan\u00e4len, Telefonanschlu\u00df, Safe, kostenlosen Internetzugang (WIFI), Haartrockner, Kocht\u00f6pfe, Geschirr und Besteck , eine Mikrowelle sowie Reinigungsservice.<\/p>\n<p><strong>Koffer packen und einziehen &#8211; Noch nie war es so einfach, ein Apartment auf Kurzzeitmiete in Mailand zu finden!<\/strong><\/p>\n<p>&nbsp;<\/p>\n<p><strong>M\u00f6chten Sie Mailand l\u00e4nger erleben?<\/strong><\/p>\n<p>Auf Wunsch k\u00f6nnen Sie unsere Apartments auch langfristig oder mittelfristig auf Monatsbasis mieten.<\/p>\n<p>Auf Anfrage bieten wir Firmen Sondertarife an, die anl\u00e4\u00dflich von Messebesuchen, Tagungen oder anderen Veranstaltungen Ihren Mitarbeitern eine Unterbringung in Mailand bereitstellen m\u00f6chten, auch im Falle einer vor\u00fcbergehenden Versetzung.<\/p>\n<p>Unser Personal steht Ihnen gerne zur Verf\u00fcgung, erfasst und beantwortet umgehend Ihre Anfragen und wird \u00a0schnellstm\u00f6glich ein auf Sie zugeschnittenes Angebot je nach Verf\u00fcgbarkeit der Apartments in dem gew\u00fcnschten Zeitraum erstellen.<\/p>\n<p>Die Entscheidung, ein Apartment in einem Apartmenthaus <strong>statt eine private Wohnung<\/strong> mittel- oder langfristig zu mieten, \u00a0bringt viele Vorteile mit sich. Ihnen werden l\u00e4stige Verpflichtungen erspart wie z.B. das Abschlie\u00dfen von Vertr\u00e4gen zur Strom- und Gaslieferung, zum Internetanschlu\u00df sowie die Zahlung von Rundfunkbeitrag (\u201cGEZ-Geb\u00fchren), der Neben- und \u00a0Hauswartkosten.<\/p>\n<p>&nbsp;<\/p>\n<p>Zu den beiden 2-Zimmer-Apartmentskategorien stehen Ihnen beim <strong>Residence PDN Milano<\/strong> auch eine gem\u00fctliche Empfangshalle mit Ausblick auf einen niedlichen Innengarten, einen Snack-Bereich sowie einen Gemeinschaftswaschraum zur Verf\u00fcgung. Auf Anfrage bieten wir Ihnen einen bewachten Parkplatz gegen Aufpreis an.<\/p>\n<p>Bei uns finden Sie Zusatzdienstleistungen, die Sie bei einer \u00fcblichen Mietwohnung vermissen w\u00fcrden.<\/p>\n<p><strong>\u00a0<\/strong><\/p>\n<p><strong>W\u00e4hlen Sie jetzt Ihr Wunsch-Apartment bei uns aus!<\/strong><\/p>\n<p><strong>Residence PDN Milano: Mailand anders erleben.<\/strong><\/p>\n<p>&nbsp;<\/p>\n","protected":false},"excerpt":{"rendered":"<p>Sind Sie auf der Suche nach einem Apartment in Mailand auf Kurzzeitmiete? Bleiben Sie in Mailand nur f\u00fcr einen Tag oder eine Woche? M\u00f6chten Sie mehr Platz und Freiheit als in einem \u00fcblichen Hotelzimmer? Dann sind unsere Apartments die beste L\u00f6sung f\u00fcr Sie! Im Residence PDN Milano k\u00f6nnen Sie Ihren Aufenthalt in Mailand \u00a0richtig genie\u00dfen. [&hellip;]<\/p>\n","protected":false},"author":1,"featured_media":0,"parent":0,"menu_order":0,"comment_status":"closed","ping_status":"closed","template":"","meta":{"_acf_changed":false,"footnotes":""},"class_list":["post-1301","page","type-page","status-publish","hentry"],"acf":[],"yoast_head":"<!-- This site is optimized with the Yoast SEO plugin v26.9 - https:\/\/yoast.com\/product\/yoast-seo-wordpress\/ -->\n<title>Suite - Residence Pian della Nave Mailand<\/title>\n<meta name=\"description\" content=\"Suite. F\u00fcr Ihren Aufenthalt in Mailand stellt Ihnen die Wohnanlagen-Residenz Pian della Nave zwei Typologien von Zweizimmerwohnungen mit einer Fl\u00e4che zwischen 50 und 60 Quadratmetern zur Verf\u00fcgung.\" \/>\n<meta name=\"robots\" content=\"index, follow, max-snippet:-1, max-image-preview:large, max-video-preview:-1\" \/>\n<link rel=\"canonical\" href=\"https:\/\/residencepdn.it\/de\/suites\/\" \/>\n<meta property=\"og:locale\" content=\"de_DE\" \/>\n<meta property=\"og:type\" content=\"article\" \/>\n<meta property=\"og:title\" content=\"Suite - Residence Pian della Nave Mailand\" \/>\n<meta property=\"og:description\" content=\"Suite. F\u00fcr Ihren Aufenthalt in Mailand stellt Ihnen die Wohnanlagen-Residenz Pian della Nave zwei Typologien von Zweizimmerwohnungen mit einer Fl\u00e4che zwischen 50 und 60 Quadratmetern zur Verf\u00fcgung.\" \/>\n<meta property=\"og:url\" content=\"https:\/\/residencepdn.it\/de\/suites\/\" \/>\n<meta property=\"og:site_name\" content=\"Residence Pian Della Nave\" \/>\n<meta property=\"article:modified_time\" content=\"2022-10-17T10:39:08+00:00\" \/>\n<meta name=\"twitter:card\" content=\"summary_large_image\" \/>\n<meta name=\"twitter:label1\" content=\"Gesch\u00e4tzte Lesezeit\" \/>\n\t<meta name=\"twitter:data1\" content=\"2\u00a0Minuten\" \/>\n<script type=\"application\/ld+json\" class=\"yoast-schema-graph\">{\"@context\":\"https:\/\/schema.org\",\"@graph\":[{\"@type\":\"WebPage\",\"@id\":\"https:\/\/residencepdn.it\/de\/suites\/\",\"url\":\"https:\/\/residencepdn.it\/de\/suites\/\",\"name\":\"Suite - Residence Pian della Nave Mailand\",\"isPartOf\":{\"@id\":\"https:\/\/residencepdn.it\/#website\"},\"datePublished\":\"2022-01-13T11:22:04+00:00\",\"dateModified\":\"2022-10-17T10:39:08+00:00\",\"description\":\"Suite. F\u00fcr Ihren Aufenthalt in Mailand stellt Ihnen die Wohnanlagen-Residenz Pian della Nave zwei Typologien von Zweizimmerwohnungen mit einer Fl\u00e4che zwischen 50 und 60 Quadratmetern zur Verf\u00fcgung.\",\"breadcrumb\":{\"@id\":\"https:\/\/residencepdn.it\/de\/suites\/#breadcrumb\"},\"inLanguage\":\"de\",\"potentialAction\":[{\"@type\":\"ReadAction\",\"target\":[\"https:\/\/residencepdn.it\/de\/suites\/\"]}]},{\"@type\":\"BreadcrumbList\",\"@id\":\"https:\/\/residencepdn.it\/de\/suites\/#breadcrumb\",\"itemListElement\":[{\"@type\":\"ListItem\",\"position\":1,\"name\":\"Home\",\"item\":\"https:\/\/residencepdn.it\/de\/\"},{\"@type\":\"ListItem\",\"position\":2,\"name\":\"Apartments\"}]},{\"@type\":\"WebSite\",\"@id\":\"https:\/\/residencepdn.it\/#website\",\"url\":\"https:\/\/residencepdn.it\/\",\"name\":\"Residence Pian Della Nave\",\"description\":\"Appartamenti residence Milano\",\"publisher\":{\"@id\":\"https:\/\/residencepdn.it\/#organization\"},\"potentialAction\":[{\"@type\":\"SearchAction\",\"target\":{\"@type\":\"EntryPoint\",\"urlTemplate\":\"https:\/\/residencepdn.it\/?s={search_term_string}\"},\"query-input\":{\"@type\":\"PropertyValueSpecification\",\"valueRequired\":true,\"valueName\":\"search_term_string\"}}],\"inLanguage\":\"de\"},{\"@type\":\"Organization\",\"@id\":\"https:\/\/residencepdn.it\/#organization\",\"name\":\"Pian della Nave Srl\",\"url\":\"https:\/\/residencepdn.it\/\",\"logo\":{\"@type\":\"ImageObject\",\"inLanguage\":\"de\",\"@id\":\"https:\/\/residencepdn.it\/#\/schema\/logo\/image\/\",\"url\":\"https:\/\/residencepdn.it\/wp-content\/uploads\/2022\/01\/residence-pian-della-nave-milano.png\",\"contentUrl\":\"https:\/\/residencepdn.it\/wp-content\/uploads\/2022\/01\/residence-pian-della-nave-milano.png\",\"width\":120,\"height\":101,\"caption\":\"Pian della Nave Srl\"},\"image\":{\"@id\":\"https:\/\/residencepdn.it\/#\/schema\/logo\/image\/\"}}]}<\/script>\n<!-- \/ Yoast SEO plugin. -->","yoast_head_json":{"title":"Suite - Residence Pian della Nave Mailand","description":"Suite. F\u00fcr Ihren Aufenthalt in Mailand stellt Ihnen die Wohnanlagen-Residenz Pian della Nave zwei Typologien von Zweizimmerwohnungen mit einer Fl\u00e4che zwischen 50 und 60 Quadratmetern zur Verf\u00fcgung.","robots":{"index":"index","follow":"follow","max-snippet":"max-snippet:-1","max-image-preview":"max-image-preview:large","max-video-preview":"max-video-preview:-1"},"canonical":"https:\/\/residencepdn.it\/de\/suites\/","og_locale":"de_DE","og_type":"article","og_title":"Suite - Residence Pian della Nave Mailand","og_description":"Suite. F\u00fcr Ihren Aufenthalt in Mailand stellt Ihnen die Wohnanlagen-Residenz Pian della Nave zwei Typologien von Zweizimmerwohnungen mit einer Fl\u00e4che zwischen 50 und 60 Quadratmetern zur Verf\u00fcgung.","og_url":"https:\/\/residencepdn.it\/de\/suites\/","og_site_name":"Residence Pian Della Nave","article_modified_time":"2022-10-17T10:39:08+00:00","twitter_card":"summary_large_image","twitter_misc":{"Gesch\u00e4tzte Lesezeit":"2\u00a0Minuten"},"schema":{"@context":"https:\/\/schema.org","@graph":[{"@type":"WebPage","@id":"https:\/\/residencepdn.it\/de\/suites\/","url":"https:\/\/residencepdn.it\/de\/suites\/","name":"Suite - Residence Pian della Nave Mailand","isPartOf":{"@id":"https:\/\/residencepdn.it\/#website"},"datePublished":"2022-01-13T11:22:04+00:00","dateModified":"2022-10-17T10:39:08+00:00","description":"Suite. F\u00fcr Ihren Aufenthalt in Mailand stellt Ihnen die Wohnanlagen-Residenz Pian della Nave zwei Typologien von Zweizimmerwohnungen mit einer Fl\u00e4che zwischen 50 und 60 Quadratmetern zur Verf\u00fcgung.","breadcrumb":{"@id":"https:\/\/residencepdn.it\/de\/suites\/#breadcrumb"},"inLanguage":"de","potentialAction":[{"@type":"ReadAction","target":["https:\/\/residencepdn.it\/de\/suites\/"]}]},{"@type":"BreadcrumbList","@id":"https:\/\/residencepdn.it\/de\/suites\/#breadcrumb","itemListElement":[{"@type":"ListItem","position":1,"name":"Home","item":"https:\/\/residencepdn.it\/de\/"},{"@type":"ListItem","position":2,"name":"Apartments"}]},{"@type":"WebSite","@id":"https:\/\/residencepdn.it\/#website","url":"https:\/\/residencepdn.it\/","name":"Residence Pian Della Nave","description":"Appartamenti residence Milano","publisher":{"@id":"https:\/\/residencepdn.it\/#organization"},"potentialAction":[{"@type":"SearchAction","target":{"@type":"EntryPoint","urlTemplate":"https:\/\/residencepdn.it\/?s={search_term_string}"},"query-input":{"@type":"PropertyValueSpecification","valueRequired":true,"valueName":"search_term_string"}}],"inLanguage":"de"},{"@type":"Organization","@id":"https:\/\/residencepdn.it\/#organization","name":"Pian della Nave Srl","url":"https:\/\/residencepdn.it\/","logo":{"@type":"ImageObject","inLanguage":"de","@id":"https:\/\/residencepdn.it\/#\/schema\/logo\/image\/","url":"https:\/\/residencepdn.it\/wp-content\/uploads\/2022\/01\/residence-pian-della-nave-milano.png","contentUrl":"https:\/\/residencepdn.it\/wp-content\/uploads\/2022\/01\/residence-pian-della-nave-milano.png","width":120,"height":101,"caption":"Pian della Nave Srl"},"image":{"@id":"https:\/\/residencepdn.it\/#\/schema\/logo\/image\/"}}]}},"_links":{"self":[{"href":"https:\/\/residencepdn.it\/de\/wp-json\/wp\/v2\/pages\/1301","targetHints":{"allow":["GET"]}}],"collection":[{"href":"https:\/\/residencepdn.it\/de\/wp-json\/wp\/v2\/pages"}],"about":[{"href":"https:\/\/residencepdn.it\/de\/wp-json\/wp\/v2\/types\/page"}],"author":[{"embeddable":true,"href":"https:\/\/residencepdn.it\/de\/wp-json\/wp\/v2\/users\/1"}],"replies":[{"embeddable":true,"href":"https:\/\/residencepdn.it\/de\/wp-json\/wp\/v2\/comments?post=1301"}],"version-history":[{"count":0,"href":"https:\/\/residencepdn.it\/de\/wp-json\/wp\/v2\/pages\/1301\/revisions"}],"wp:attachment":[{"href":"https:\/\/residencepdn.it\/de\/wp-json\/wp\/v2\/media?parent=1301"}],"curies":[{"name":"wp","href":"https:\/\/api.w.org\/{rel}","templated":true}]}}