{"id":1335,"date":"2022-01-13T12:25:29","date_gmt":"2022-01-13T11:25:29","guid":{"rendered":"https:\/\/residencepdn.it\/suites\/appartamenti-superior\/"},"modified":"2022-10-17T12:37:23","modified_gmt":"2022-10-17T10:37:23","slug":"superior-apartments","status":"publish","type":"page","link":"https:\/\/residencepdn.it\/de\/suites\/superior-apartments\/","title":{"rendered":"Apartement Kategorie \u201cSUPERIOR\u201d"},"content":{"rendered":"<p><strong><span style=\"font-size: 18pt;\">Apartement Kategorie \u201cSUPERIOR\u201d<\/span><\/strong><\/p>\n<p>Diese ger\u00e4umigen und modernen \u00a02-Zimmer Wohnungen stellen die TOP L\u00f6sung f\u00fcr unsere anspruchsvollsten G\u00e4ste dar. Sie eigenen sich besonders als mittel- oder langfristige Mietobjekte.<\/p>\n<p>In unmittelbarer N\u00e4he des Stadtzentrums sowie der wichtichsten Sehensw\u00fcrdigkeiten Mailands sind sie der optimale Ausgangspunkt, um die Stadt zu entdecken \u2013 egal ob Sie beruflich oder privat unterwegs sind.<\/p>\n<p>Mit einer Wohnfl\u00e4che von 40 bis 60 m<sup>2<\/sup> sind sie f\u00fcr 1 bis 3 Personen geeignet.<\/p>\n<p>Beschreibung:<\/p>\n<ul>\n<li>Eingangsdiele<\/li>\n<li>separate, voll ausgestattete Kochnische mit Fenster<\/li>\n<li>1 Schlafzimmer<\/li>\n<li>1 Wohnzimmer<\/li>\n<li>1 Badezimmer (mit Dusche\/ Badewanne) mit Fenster<\/li>\n<li>1 Balkon<\/li>\n<\/ul>\n<p>&nbsp;<\/p>\n<p>Dazu bieten Sie eine erstklassige Ausstattung: Klimaanlage, 2 SAT-TV mit SKY-Kan\u00e4len, Telefonanschlu\u00df, Safe, freie WIFI Verbindung, Haartrockner, Mikrowelle, Nespresso Maschine, Welcome-Kit<\/p>\n<p>Auf Anfrage kostenlos lieferbar:\u00a0\u00a0 Wasserkocher, B\u00fcgeleisen und B\u00fcgelbrett, CD-Player, Babybett und Kinderhochstuhl<\/p>\n<p>Bestpreisgarantie bei Direktbuchungen. Kostenfreie Stornierung <u>unter Umst\u00e4nden m\u00f6glich<\/u>.<\/p>\n<p><strong>Jetzt Online buchen!<\/strong><\/p>\n","protected":false},"excerpt":{"rendered":"<p>Apartement Kategorie \u201cSUPERIOR\u201d Diese ger\u00e4umigen und modernen \u00a02-Zimmer Wohnungen stellen die TOP L\u00f6sung f\u00fcr unsere anspruchsvollsten G\u00e4ste dar. Sie eigenen sich besonders als mittel- oder langfristige Mietobjekte. In unmittelbarer N\u00e4he des Stadtzentrums sowie der wichtichsten Sehensw\u00fcrdigkeiten Mailands sind sie der optimale Ausgangspunkt, um die Stadt zu entdecken \u2013 egal ob Sie beruflich oder privat unterwegs [&hellip;]<\/p>\n","protected":false},"author":1,"featured_media":464,"parent":1301,"menu_order":0,"comment_status":"closed","ping_status":"closed","template":"","meta":{"_acf_changed":false,"footnotes":""},"class_list":["post-1335","page","type-page","status-publish","has-post-thumbnail","hentry"],"acf":[],"yoast_head":"<!-- This site is optimized with the Yoast SEO plugin v26.9 - https:\/\/yoast.com\/product\/yoast-seo-wordpress\/ -->\n<title>Superior Apartments - Residence Pian della Nave Mailand<\/title>\n<meta name=\"description\" content=\"Superior Apartments - F\u00fcr die anspruchsvollsten Kunden. Sie zeichnen sich durch offene R\u00e4ume, Ausstattung und modernes Design aus. Sie sind gro\u00dfen Apartments von 40 bis 60 Quadratmetern.\" \/>\n<meta name=\"robots\" content=\"index, follow, max-snippet:-1, max-image-preview:large, max-video-preview:-1\" \/>\n<link rel=\"canonical\" href=\"https:\/\/residencepdn.it\/de\/suites\/superior-apartments\/\" \/>\n<meta property=\"og:locale\" content=\"de_DE\" \/>\n<meta property=\"og:type\" content=\"article\" \/>\n<meta property=\"og:title\" content=\"Superior Apartments - Residence Pian della Nave Mailand\" \/>\n<meta property=\"og:description\" content=\"Superior Apartments - F\u00fcr die anspruchsvollsten Kunden. Sie zeichnen sich durch offene R\u00e4ume, Ausstattung und modernes Design aus. Sie sind gro\u00dfen Apartments von 40 bis 60 Quadratmetern.\" \/>\n<meta property=\"og:url\" content=\"https:\/\/residencepdn.it\/de\/suites\/superior-apartments\/\" \/>\n<meta property=\"og:site_name\" content=\"Residence Pian Della Nave\" \/>\n<meta property=\"article:modified_time\" content=\"2022-10-17T10:37:23+00:00\" \/>\n<meta property=\"og:image\" content=\"https:\/\/residencepdn.it\/wp-content\/uploads\/2022\/01\/superior2.jpg\" \/>\n\t<meta property=\"og:image:width\" content=\"1348\" \/>\n\t<meta property=\"og:image:height\" content=\"898\" \/>\n\t<meta property=\"og:image:type\" content=\"image\/jpeg\" \/>\n<meta name=\"twitter:card\" content=\"summary_large_image\" \/>\n<meta name=\"twitter:label1\" content=\"Gesch\u00e4tzte Lesezeit\" \/>\n\t<meta name=\"twitter:data1\" content=\"1\u00a0Minute\" \/>\n<script type=\"application\/ld+json\" class=\"yoast-schema-graph\">{\"@context\":\"https:\/\/schema.org\",\"@graph\":[{\"@type\":\"WebPage\",\"@id\":\"https:\/\/residencepdn.it\/de\/suites\/superior-apartments\/\",\"url\":\"https:\/\/residencepdn.it\/de\/suites\/superior-apartments\/\",\"name\":\"Superior Apartments - Residence Pian della Nave Mailand\",\"isPartOf\":{\"@id\":\"https:\/\/residencepdn.it\/#website\"},\"primaryImageOfPage\":{\"@id\":\"https:\/\/residencepdn.it\/de\/suites\/superior-apartments\/#primaryimage\"},\"image\":{\"@id\":\"https:\/\/residencepdn.it\/de\/suites\/superior-apartments\/#primaryimage\"},\"thumbnailUrl\":\"https:\/\/residencepdn.it\/wp-content\/uploads\/2022\/01\/superior2.jpg\",\"datePublished\":\"2022-01-13T11:25:29+00:00\",\"dateModified\":\"2022-10-17T10:37:23+00:00\",\"description\":\"Superior Apartments - F\u00fcr die anspruchsvollsten Kunden. Sie zeichnen sich durch offene R\u00e4ume, Ausstattung und modernes Design aus. Sie sind gro\u00dfen Apartments von 40 bis 60 Quadratmetern.\",\"breadcrumb\":{\"@id\":\"https:\/\/residencepdn.it\/de\/suites\/superior-apartments\/#breadcrumb\"},\"inLanguage\":\"de\",\"potentialAction\":[{\"@type\":\"ReadAction\",\"target\":[\"https:\/\/residencepdn.it\/de\/suites\/superior-apartments\/\"]}]},{\"@type\":\"ImageObject\",\"inLanguage\":\"de\",\"@id\":\"https:\/\/residencepdn.it\/de\/suites\/superior-apartments\/#primaryimage\",\"url\":\"https:\/\/residencepdn.it\/wp-content\/uploads\/2022\/01\/superior2.jpg\",\"contentUrl\":\"https:\/\/residencepdn.it\/wp-content\/uploads\/2022\/01\/superior2.jpg\",\"width\":1348,\"height\":898,\"caption\":\"Stanza arancione appartamenti superior\"},{\"@type\":\"BreadcrumbList\",\"@id\":\"https:\/\/residencepdn.it\/de\/suites\/superior-apartments\/#breadcrumb\",\"itemListElement\":[{\"@type\":\"ListItem\",\"position\":1,\"name\":\"Home\",\"item\":\"https:\/\/residencepdn.it\/de\/\"},{\"@type\":\"ListItem\",\"position\":2,\"name\":\"Apartments\",\"item\":\"https:\/\/residencepdn.it\/de\/suites\/\"},{\"@type\":\"ListItem\",\"position\":3,\"name\":\"Apartement Kategorie \u201cSUPERIOR\u201d\"}]},{\"@type\":\"WebSite\",\"@id\":\"https:\/\/residencepdn.it\/#website\",\"url\":\"https:\/\/residencepdn.it\/\",\"name\":\"Residence Pian Della Nave\",\"description\":\"Appartamenti residence Milano\",\"publisher\":{\"@id\":\"https:\/\/residencepdn.it\/#organization\"},\"potentialAction\":[{\"@type\":\"SearchAction\",\"target\":{\"@type\":\"EntryPoint\",\"urlTemplate\":\"https:\/\/residencepdn.it\/?s={search_term_string}\"},\"query-input\":{\"@type\":\"PropertyValueSpecification\",\"valueRequired\":true,\"valueName\":\"search_term_string\"}}],\"inLanguage\":\"de\"},{\"@type\":\"Organization\",\"@id\":\"https:\/\/residencepdn.it\/#organization\",\"name\":\"Pian della Nave Srl\",\"url\":\"https:\/\/residencepdn.it\/\",\"logo\":{\"@type\":\"ImageObject\",\"inLanguage\":\"de\",\"@id\":\"https:\/\/residencepdn.it\/#\/schema\/logo\/image\/\",\"url\":\"https:\/\/residencepdn.it\/wp-content\/uploads\/2022\/01\/residence-pian-della-nave-milano.png\",\"contentUrl\":\"https:\/\/residencepdn.it\/wp-content\/uploads\/2022\/01\/residence-pian-della-nave-milano.png\",\"width\":120,\"height\":101,\"caption\":\"Pian della Nave Srl\"},\"image\":{\"@id\":\"https:\/\/residencepdn.it\/#\/schema\/logo\/image\/\"}}]}<\/script>\n<!-- \/ Yoast SEO plugin. -->","yoast_head_json":{"title":"Superior Apartments - Residence Pian della Nave Mailand","description":"Superior Apartments - F\u00fcr die anspruchsvollsten Kunden. Sie zeichnen sich durch offene R\u00e4ume, Ausstattung und modernes Design aus. Sie sind gro\u00dfen Apartments von 40 bis 60 Quadratmetern.","robots":{"index":"index","follow":"follow","max-snippet":"max-snippet:-1","max-image-preview":"max-image-preview:large","max-video-preview":"max-video-preview:-1"},"canonical":"https:\/\/residencepdn.it\/de\/suites\/superior-apartments\/","og_locale":"de_DE","og_type":"article","og_title":"Superior Apartments - Residence Pian della Nave Mailand","og_description":"Superior Apartments - F\u00fcr die anspruchsvollsten Kunden. Sie zeichnen sich durch offene R\u00e4ume, Ausstattung und modernes Design aus. Sie sind gro\u00dfen Apartments von 40 bis 60 Quadratmetern.","og_url":"https:\/\/residencepdn.it\/de\/suites\/superior-apartments\/","og_site_name":"Residence Pian Della Nave","article_modified_time":"2022-10-17T10:37:23+00:00","og_image":[{"width":1348,"height":898,"url":"https:\/\/residencepdn.it\/wp-content\/uploads\/2022\/01\/superior2.jpg","type":"image\/jpeg"}],"twitter_card":"summary_large_image","twitter_misc":{"Gesch\u00e4tzte Lesezeit":"1\u00a0Minute"},"schema":{"@context":"https:\/\/schema.org","@graph":[{"@type":"WebPage","@id":"https:\/\/residencepdn.it\/de\/suites\/superior-apartments\/","url":"https:\/\/residencepdn.it\/de\/suites\/superior-apartments\/","name":"Superior Apartments - Residence Pian della Nave Mailand","isPartOf":{"@id":"https:\/\/residencepdn.it\/#website"},"primaryImageOfPage":{"@id":"https:\/\/residencepdn.it\/de\/suites\/superior-apartments\/#primaryimage"},"image":{"@id":"https:\/\/residencepdn.it\/de\/suites\/superior-apartments\/#primaryimage"},"thumbnailUrl":"https:\/\/residencepdn.it\/wp-content\/uploads\/2022\/01\/superior2.jpg","datePublished":"2022-01-13T11:25:29+00:00","dateModified":"2022-10-17T10:37:23+00:00","description":"Superior Apartments - F\u00fcr die anspruchsvollsten Kunden. Sie zeichnen sich durch offene R\u00e4ume, Ausstattung und modernes Design aus. Sie sind gro\u00dfen Apartments von 40 bis 60 Quadratmetern.","breadcrumb":{"@id":"https:\/\/residencepdn.it\/de\/suites\/superior-apartments\/#breadcrumb"},"inLanguage":"de","potentialAction":[{"@type":"ReadAction","target":["https:\/\/residencepdn.it\/de\/suites\/superior-apartments\/"]}]},{"@type":"ImageObject","inLanguage":"de","@id":"https:\/\/residencepdn.it\/de\/suites\/superior-apartments\/#primaryimage","url":"https:\/\/residencepdn.it\/wp-content\/uploads\/2022\/01\/superior2.jpg","contentUrl":"https:\/\/residencepdn.it\/wp-content\/uploads\/2022\/01\/superior2.jpg","width":1348,"height":898,"caption":"Stanza arancione appartamenti superior"},{"@type":"BreadcrumbList","@id":"https:\/\/residencepdn.it\/de\/suites\/superior-apartments\/#breadcrumb","itemListElement":[{"@type":"ListItem","position":1,"name":"Home","item":"https:\/\/residencepdn.it\/de\/"},{"@type":"ListItem","position":2,"name":"Apartments","item":"https:\/\/residencepdn.it\/de\/suites\/"},{"@type":"ListItem","position":3,"name":"Apartement Kategorie \u201cSUPERIOR\u201d"}]},{"@type":"WebSite","@id":"https:\/\/residencepdn.it\/#website","url":"https:\/\/residencepdn.it\/","name":"Residence Pian Della Nave","description":"Appartamenti residence Milano","publisher":{"@id":"https:\/\/residencepdn.it\/#organization"},"potentialAction":[{"@type":"SearchAction","target":{"@type":"EntryPoint","urlTemplate":"https:\/\/residencepdn.it\/?s={search_term_string}"},"query-input":{"@type":"PropertyValueSpecification","valueRequired":true,"valueName":"search_term_string"}}],"inLanguage":"de"},{"@type":"Organization","@id":"https:\/\/residencepdn.it\/#organization","name":"Pian della Nave Srl","url":"https:\/\/residencepdn.it\/","logo":{"@type":"ImageObject","inLanguage":"de","@id":"https:\/\/residencepdn.it\/#\/schema\/logo\/image\/","url":"https:\/\/residencepdn.it\/wp-content\/uploads\/2022\/01\/residence-pian-della-nave-milano.png","contentUrl":"https:\/\/residencepdn.it\/wp-content\/uploads\/2022\/01\/residence-pian-della-nave-milano.png","width":120,"height":101,"caption":"Pian della Nave Srl"},"image":{"@id":"https:\/\/residencepdn.it\/#\/schema\/logo\/image\/"}}]}},"_links":{"self":[{"href":"https:\/\/residencepdn.it\/de\/wp-json\/wp\/v2\/pages\/1335","targetHints":{"allow":["GET"]}}],"collection":[{"href":"https:\/\/residencepdn.it\/de\/wp-json\/wp\/v2\/pages"}],"about":[{"href":"https:\/\/residencepdn.it\/de\/wp-json\/wp\/v2\/types\/page"}],"author":[{"embeddable":true,"href":"https:\/\/residencepdn.it\/de\/wp-json\/wp\/v2\/users\/1"}],"replies":[{"embeddable":true,"href":"https:\/\/residencepdn.it\/de\/wp-json\/wp\/v2\/comments?post=1335"}],"version-history":[{"count":0,"href":"https:\/\/residencepdn.it\/de\/wp-json\/wp\/v2\/pages\/1335\/revisions"}],"up":[{"embeddable":true,"href":"https:\/\/residencepdn.it\/de\/wp-json\/wp\/v2\/pages\/1301"}],"wp:featuredmedia":[{"embeddable":true,"href":"https:\/\/residencepdn.it\/de\/wp-json\/wp\/v2\/media\/464"}],"wp:attachment":[{"href":"https:\/\/residencepdn.it\/de\/wp-json\/wp\/v2\/media?parent=1335"}],"curies":[{"name":"wp","href":"https:\/\/api.w.org\/{rel}","templated":true}]}}