{"id":1345,"date":"2022-01-12T07:53:20","date_gmt":"2022-01-12T06:53:20","guid":{"rendered":"https:\/\/residencepdn.it\/offerta\/"},"modified":"2022-01-26T11:16:08","modified_gmt":"2022-01-26T10:16:08","slug":"angebote","status":"publish","type":"page","link":"https:\/\/residencepdn.it\/de\/angebote\/","title":{"rendered":"Angebote"},"content":{"rendered":"<p><strong>SEHEN SIE DEN FERNSEHER IN IHRER SPRACHE!<\/strong><br \/>\nNeue Satellitensender in Englisch, Franz\u00f6sisch, Spanisch, Deutsch und Indisch<\/p>\n<p><strong>IHR SICHERES FAHRRAD!<\/strong><br \/>\nF\u00fcr alle unsere G\u00e4ste, die das Fahrrad benutzen, bieten wir die M\u00f6glichkeit, es kostenlos in einer speziellen Box abzustellen.<\/p>\n<p><strong>Himmel in allen Zimmern &#8230; KOSTENLOS!<\/strong><br \/>\nKostenlos f\u00fcr Sie exklusiv das gro\u00dfe Kino, die Fernsehserie und das Beste des Fu\u00dfballs: die Serie A-Meisterschaft, die gesamte Champions League und die gesamte Europa League.<\/p>\n<p><strong>SONDERANGEBOT NICHT R\u00dcCKERSTATTBAR<\/strong><br \/>\nSind Sie sich \u00fcber die Daten Ihres Aufenthalts sicher? Kontaktieren Sie uns oder buchen Sie direkt auf unserer Website und nutzen Sie unsere Angebote.<\/p>\n<p><strong>NICHT R\u00dcCKERSTATTBAR<\/strong><br \/>\nBester Preis garantiert! WOCHENENDE IN MAILAND 75 Euro pro Nacht in einer Komfortwohnung f\u00fcr 2 Personen. Mindestaufenthalt 2 N\u00e4chte zwischen Freitag und Sonntag.<\/p>\n<p><strong>LANGER AUFENTHALT<\/strong><br \/>\nF\u00fcr Aufenthalte von mehr als 3 Monaten: M\u00f6glichkeit von Sonderkonditionen.<\/p>\n<p><strong>MODEAGENTUR-VEREINBARUNG<\/strong><br \/>\nW\u00e4hrend Modenschauen und Besetzungen besteht eine Vereinbarung mit Modeagenturen, die sich auf den Aufenthalt von Models und Models mit Rabatten f\u00fcr l\u00e4ngere Aufenthalte konzentrieren.<\/p>\n","protected":false},"excerpt":{"rendered":"<p>SEHEN SIE DEN FERNSEHER IN IHRER SPRACHE! Neue Satellitensender in Englisch, Franz\u00f6sisch, Spanisch, Deutsch und Indisch IHR SICHERES FAHRRAD! F\u00fcr alle unsere G\u00e4ste, die das Fahrrad benutzen, bieten wir die M\u00f6glichkeit, es kostenlos in einer speziellen Box abzustellen. Himmel in allen Zimmern &#8230; KOSTENLOS! Kostenlos f\u00fcr Sie exklusiv das gro\u00dfe Kino, die Fernsehserie und das [&hellip;]<\/p>\n","protected":false},"author":1,"featured_media":0,"parent":0,"menu_order":0,"comment_status":"closed","ping_status":"closed","template":"","meta":{"_acf_changed":false,"footnotes":""},"class_list":["post-1345","page","type-page","status-publish","hentry"],"acf":[],"yoast_head":"<!-- This site is optimized with the Yoast SEO plugin v26.9 - https:\/\/yoast.com\/product\/yoast-seo-wordpress\/ -->\n<title>Angebote - Residence Pian della Nave Mailand<\/title>\n<meta name=\"description\" content=\"Angebote. Bester Preis garantiert! WOCHENENDE IN MAILAND 75 Euro pro Nacht in einer Komfortwohnung f\u00fcr 2 Personen. Mindestaufenthalt 2 N\u00e4chte zwischen Freitag und Sonntag.\" \/>\n<meta name=\"robots\" content=\"index, follow, max-snippet:-1, max-image-preview:large, max-video-preview:-1\" \/>\n<link rel=\"canonical\" href=\"https:\/\/residencepdn.it\/de\/angebote\/\" \/>\n<meta property=\"og:locale\" content=\"de_DE\" \/>\n<meta property=\"og:type\" content=\"article\" \/>\n<meta property=\"og:title\" content=\"Angebote - Residence Pian della Nave Mailand\" \/>\n<meta property=\"og:description\" content=\"Angebote. Bester Preis garantiert! WOCHENENDE IN MAILAND 75 Euro pro Nacht in einer Komfortwohnung f\u00fcr 2 Personen. Mindestaufenthalt 2 N\u00e4chte zwischen Freitag und Sonntag.\" \/>\n<meta property=\"og:url\" content=\"https:\/\/residencepdn.it\/de\/angebote\/\" \/>\n<meta property=\"og:site_name\" content=\"Residence Pian Della Nave\" \/>\n<meta property=\"article:modified_time\" content=\"2022-01-26T10:16:08+00:00\" \/>\n<meta name=\"twitter:card\" content=\"summary_large_image\" \/>\n<meta name=\"twitter:label1\" content=\"Gesch\u00e4tzte Lesezeit\" \/>\n\t<meta name=\"twitter:data1\" content=\"1\u00a0Minute\" \/>\n<script type=\"application\/ld+json\" class=\"yoast-schema-graph\">{\"@context\":\"https:\/\/schema.org\",\"@graph\":[{\"@type\":\"WebPage\",\"@id\":\"https:\/\/residencepdn.it\/de\/angebote\/\",\"url\":\"https:\/\/residencepdn.it\/de\/angebote\/\",\"name\":\"Angebote - Residence Pian della Nave Mailand\",\"isPartOf\":{\"@id\":\"https:\/\/residencepdn.it\/#website\"},\"datePublished\":\"2022-01-12T06:53:20+00:00\",\"dateModified\":\"2022-01-26T10:16:08+00:00\",\"description\":\"Angebote. Bester Preis garantiert! WOCHENENDE IN MAILAND 75 Euro pro Nacht in einer Komfortwohnung f\u00fcr 2 Personen. Mindestaufenthalt 2 N\u00e4chte zwischen Freitag und Sonntag.\",\"breadcrumb\":{\"@id\":\"https:\/\/residencepdn.it\/de\/angebote\/#breadcrumb\"},\"inLanguage\":\"de\",\"potentialAction\":[{\"@type\":\"ReadAction\",\"target\":[\"https:\/\/residencepdn.it\/de\/angebote\/\"]}]},{\"@type\":\"BreadcrumbList\",\"@id\":\"https:\/\/residencepdn.it\/de\/angebote\/#breadcrumb\",\"itemListElement\":[{\"@type\":\"ListItem\",\"position\":1,\"name\":\"Home\",\"item\":\"https:\/\/residencepdn.it\/de\/\"},{\"@type\":\"ListItem\",\"position\":2,\"name\":\"Angebote\"}]},{\"@type\":\"WebSite\",\"@id\":\"https:\/\/residencepdn.it\/#website\",\"url\":\"https:\/\/residencepdn.it\/\",\"name\":\"Residence Pian Della Nave\",\"description\":\"Appartamenti residence Milano\",\"publisher\":{\"@id\":\"https:\/\/residencepdn.it\/#organization\"},\"potentialAction\":[{\"@type\":\"SearchAction\",\"target\":{\"@type\":\"EntryPoint\",\"urlTemplate\":\"https:\/\/residencepdn.it\/?s={search_term_string}\"},\"query-input\":{\"@type\":\"PropertyValueSpecification\",\"valueRequired\":true,\"valueName\":\"search_term_string\"}}],\"inLanguage\":\"de\"},{\"@type\":\"Organization\",\"@id\":\"https:\/\/residencepdn.it\/#organization\",\"name\":\"Pian della Nave Srl\",\"url\":\"https:\/\/residencepdn.it\/\",\"logo\":{\"@type\":\"ImageObject\",\"inLanguage\":\"de\",\"@id\":\"https:\/\/residencepdn.it\/#\/schema\/logo\/image\/\",\"url\":\"https:\/\/residencepdn.it\/wp-content\/uploads\/2022\/01\/residence-pian-della-nave-milano.png\",\"contentUrl\":\"https:\/\/residencepdn.it\/wp-content\/uploads\/2022\/01\/residence-pian-della-nave-milano.png\",\"width\":120,\"height\":101,\"caption\":\"Pian della Nave Srl\"},\"image\":{\"@id\":\"https:\/\/residencepdn.it\/#\/schema\/logo\/image\/\"}}]}<\/script>\n<!-- \/ Yoast SEO plugin. -->","yoast_head_json":{"title":"Angebote - Residence Pian della Nave Mailand","description":"Angebote. Bester Preis garantiert! WOCHENENDE IN MAILAND 75 Euro pro Nacht in einer Komfortwohnung f\u00fcr 2 Personen. Mindestaufenthalt 2 N\u00e4chte zwischen Freitag und Sonntag.","robots":{"index":"index","follow":"follow","max-snippet":"max-snippet:-1","max-image-preview":"max-image-preview:large","max-video-preview":"max-video-preview:-1"},"canonical":"https:\/\/residencepdn.it\/de\/angebote\/","og_locale":"de_DE","og_type":"article","og_title":"Angebote - Residence Pian della Nave Mailand","og_description":"Angebote. Bester Preis garantiert! WOCHENENDE IN MAILAND 75 Euro pro Nacht in einer Komfortwohnung f\u00fcr 2 Personen. Mindestaufenthalt 2 N\u00e4chte zwischen Freitag und Sonntag.","og_url":"https:\/\/residencepdn.it\/de\/angebote\/","og_site_name":"Residence Pian Della Nave","article_modified_time":"2022-01-26T10:16:08+00:00","twitter_card":"summary_large_image","twitter_misc":{"Gesch\u00e4tzte Lesezeit":"1\u00a0Minute"},"schema":{"@context":"https:\/\/schema.org","@graph":[{"@type":"WebPage","@id":"https:\/\/residencepdn.it\/de\/angebote\/","url":"https:\/\/residencepdn.it\/de\/angebote\/","name":"Angebote - Residence Pian della Nave Mailand","isPartOf":{"@id":"https:\/\/residencepdn.it\/#website"},"datePublished":"2022-01-12T06:53:20+00:00","dateModified":"2022-01-26T10:16:08+00:00","description":"Angebote. Bester Preis garantiert! WOCHENENDE IN MAILAND 75 Euro pro Nacht in einer Komfortwohnung f\u00fcr 2 Personen. Mindestaufenthalt 2 N\u00e4chte zwischen Freitag und Sonntag.","breadcrumb":{"@id":"https:\/\/residencepdn.it\/de\/angebote\/#breadcrumb"},"inLanguage":"de","potentialAction":[{"@type":"ReadAction","target":["https:\/\/residencepdn.it\/de\/angebote\/"]}]},{"@type":"BreadcrumbList","@id":"https:\/\/residencepdn.it\/de\/angebote\/#breadcrumb","itemListElement":[{"@type":"ListItem","position":1,"name":"Home","item":"https:\/\/residencepdn.it\/de\/"},{"@type":"ListItem","position":2,"name":"Angebote"}]},{"@type":"WebSite","@id":"https:\/\/residencepdn.it\/#website","url":"https:\/\/residencepdn.it\/","name":"Residence Pian Della Nave","description":"Appartamenti residence Milano","publisher":{"@id":"https:\/\/residencepdn.it\/#organization"},"potentialAction":[{"@type":"SearchAction","target":{"@type":"EntryPoint","urlTemplate":"https:\/\/residencepdn.it\/?s={search_term_string}"},"query-input":{"@type":"PropertyValueSpecification","valueRequired":true,"valueName":"search_term_string"}}],"inLanguage":"de"},{"@type":"Organization","@id":"https:\/\/residencepdn.it\/#organization","name":"Pian della Nave Srl","url":"https:\/\/residencepdn.it\/","logo":{"@type":"ImageObject","inLanguage":"de","@id":"https:\/\/residencepdn.it\/#\/schema\/logo\/image\/","url":"https:\/\/residencepdn.it\/wp-content\/uploads\/2022\/01\/residence-pian-della-nave-milano.png","contentUrl":"https:\/\/residencepdn.it\/wp-content\/uploads\/2022\/01\/residence-pian-della-nave-milano.png","width":120,"height":101,"caption":"Pian della Nave Srl"},"image":{"@id":"https:\/\/residencepdn.it\/#\/schema\/logo\/image\/"}}]}},"_links":{"self":[{"href":"https:\/\/residencepdn.it\/de\/wp-json\/wp\/v2\/pages\/1345","targetHints":{"allow":["GET"]}}],"collection":[{"href":"https:\/\/residencepdn.it\/de\/wp-json\/wp\/v2\/pages"}],"about":[{"href":"https:\/\/residencepdn.it\/de\/wp-json\/wp\/v2\/types\/page"}],"author":[{"embeddable":true,"href":"https:\/\/residencepdn.it\/de\/wp-json\/wp\/v2\/users\/1"}],"replies":[{"embeddable":true,"href":"https:\/\/residencepdn.it\/de\/wp-json\/wp\/v2\/comments?post=1345"}],"version-history":[{"count":0,"href":"https:\/\/residencepdn.it\/de\/wp-json\/wp\/v2\/pages\/1345\/revisions"}],"wp:attachment":[{"href":"https:\/\/residencepdn.it\/de\/wp-json\/wp\/v2\/media?parent=1345"}],"curies":[{"name":"wp","href":"https:\/\/api.w.org\/{rel}","templated":true}]}}