{"id":1403,"date":"2022-01-17T22:33:11","date_gmt":"2022-01-17T21:33:11","guid":{"rendered":"https:\/\/residencepdn.it\/angebote\/risparmia-tariffa-non-rimborsabile\/"},"modified":"2022-10-17T15:09:05","modified_gmt":"2022-10-17T13:09:05","slug":"save-with-not-refoundable-rate","status":"publish","type":"page","link":"https:\/\/residencepdn.it\/de\/angebote\/save-with-not-refoundable-rate\/","title":{"rendered":"UNSER PREISKNALLER:  DER BOOK &#038; PAY NOW TARIF"},"content":{"rendered":"<p>In <strong>Residence PDN Milano<\/strong> k\u00f6nnen Sie zwischen 2 unterschiedlichen Apartmentskategorien \u00a0mit je 2 Zimmern w\u00e4hlen:\u00a0 \u201cCOMFORT\u201d und \u201cSUPERIOR\u201d. Mit Grundfl\u00e4chen von 40 bis 60 m<sup>2<\/sup> sind die Apartments vollm\u00f6bliert und komplett ausgestattet, um Ihnen das beste Aufenthaltserlebnis zum vollsten Komfort zu gew\u00e4hrleisten.<\/p>\n<p>Sie sind f\u00fcr 1 bis 3 Personen geeignet.<\/p>\n<p>Dazu erm\u00f6glicht Ihnen die zentrale und verkehrsg\u00fcnstige Lage von Residence PDN Milano, die wichtigsten Sehensw\u00fcrdigkeiten Mailands schnell und bequem zu erreichen und zu entdecken.<\/p>\n<p><strong>Also Koffer packen und los! Lassen Sie Ihnen dieses unschlagbares Angebot nicht entgehen!<\/strong><\/p>\n<p>&nbsp;<\/p>\n<p>Bitte beachten Sie: aufgrund des sehr g\u00fcnstigen Preisverh\u00e4ltnis kann dieser Tarif beim fehlenden Antreten der Reise nicht zur\u00fcckerstattet werden.<\/p>\n<p>&nbsp;<\/p>\n<p>&nbsp;<\/p>\n<p>Bestpreisgarantie bei Direktbuchungen.<\/p>\n","protected":false},"excerpt":{"rendered":"<p>In Residence PDN Milano k\u00f6nnen Sie zwischen 2 unterschiedlichen Apartmentskategorien \u00a0mit je 2 Zimmern w\u00e4hlen:\u00a0 \u201cCOMFORT\u201d und \u201cSUPERIOR\u201d. Mit Grundfl\u00e4chen von 40 bis 60 m2 sind die Apartments vollm\u00f6bliert und komplett ausgestattet, um Ihnen das beste Aufenthaltserlebnis zum vollsten Komfort zu gew\u00e4hrleisten. Sie sind f\u00fcr 1 bis 3 Personen geeignet. Dazu erm\u00f6glicht Ihnen die zentrale [&hellip;]<\/p>\n","protected":false},"author":1,"featured_media":825,"parent":1345,"menu_order":3,"comment_status":"closed","ping_status":"closed","template":"","meta":{"_acf_changed":false,"footnotes":""},"class_list":["post-1403","page","type-page","status-publish","has-post-thumbnail","hentry"],"acf":[],"yoast_head":"<!-- This site is optimized with the Yoast SEO plugin v26.9 - https:\/\/yoast.com\/product\/yoast-seo-wordpress\/ -->\n<title>Save with not refoundable rate - Residence Pian della Nave Mailand<\/title>\n<meta name=\"description\" content=\"Save with not refoundable rate.\" \/>\n<meta name=\"robots\" content=\"index, follow, max-snippet:-1, max-image-preview:large, max-video-preview:-1\" \/>\n<link rel=\"canonical\" href=\"https:\/\/www.residencepdn.com\/offers\/save-with-not-refoundable-rate\/\" \/>\n<meta property=\"og:locale\" content=\"de_DE\" \/>\n<meta property=\"og:type\" content=\"article\" \/>\n<meta property=\"og:title\" content=\"Save with not refoundable rate - Residence Pian della Nave Mailand\" \/>\n<meta property=\"og:description\" content=\"Save with not refoundable rate.\" \/>\n<meta property=\"og:url\" content=\"https:\/\/www.residencepdn.com\/offers\/save-with-not-refoundable-rate\/\" \/>\n<meta property=\"og:site_name\" content=\"Residence Pian Della Nave\" \/>\n<meta property=\"article:modified_time\" content=\"2022-10-17T13:09:05+00:00\" \/>\n<meta property=\"og:image\" content=\"https:\/\/residencepdn.it\/wp-content\/uploads\/2022\/01\/Risparmia-con-la-tariffa-pay-now2.jpg\" \/>\n\t<meta property=\"og:image:width\" content=\"1909\" \/>\n\t<meta property=\"og:image:height\" content=\"1279\" \/>\n\t<meta property=\"og:image:type\" content=\"image\/jpeg\" \/>\n<meta name=\"twitter:card\" content=\"summary_large_image\" \/>\n<meta name=\"twitter:label1\" content=\"Gesch\u00e4tzte Lesezeit\" \/>\n\t<meta name=\"twitter:data1\" content=\"1\u00a0Minute\" \/>\n<script type=\"application\/ld+json\" class=\"yoast-schema-graph\">{\"@context\":\"https:\/\/schema.org\",\"@graph\":[{\"@type\":\"WebPage\",\"@id\":\"https:\/\/residencepdn.it\/de\/angebote\/save-with-not-refoundable-rate\/\",\"url\":\"https:\/\/www.residencepdn.com\/offers\/save-with-not-refoundable-rate\/\",\"name\":\"Save with not refoundable rate - Residence Pian della Nave Mailand\",\"isPartOf\":{\"@id\":\"https:\/\/residencepdn.it\/#website\"},\"primaryImageOfPage\":{\"@id\":\"https:\/\/www.residencepdn.com\/offers\/save-with-not-refoundable-rate\/#primaryimage\"},\"image\":{\"@id\":\"https:\/\/www.residencepdn.com\/offers\/save-with-not-refoundable-rate\/#primaryimage\"},\"thumbnailUrl\":\"https:\/\/residencepdn.it\/wp-content\/uploads\/2022\/01\/Risparmia-con-la-tariffa-pay-now2.jpg\",\"datePublished\":\"2022-01-17T21:33:11+00:00\",\"dateModified\":\"2022-10-17T13:09:05+00:00\",\"description\":\"Save with not refoundable rate.\",\"breadcrumb\":{\"@id\":\"https:\/\/www.residencepdn.com\/offers\/save-with-not-refoundable-rate\/#breadcrumb\"},\"inLanguage\":\"de\",\"potentialAction\":[{\"@type\":\"ReadAction\",\"target\":[\"https:\/\/www.residencepdn.com\/offers\/save-with-not-refoundable-rate\/\"]}]},{\"@type\":\"ImageObject\",\"inLanguage\":\"de\",\"@id\":\"https:\/\/www.residencepdn.com\/offers\/save-with-not-refoundable-rate\/#primaryimage\",\"url\":\"https:\/\/residencepdn.it\/wp-content\/uploads\/2022\/01\/Risparmia-con-la-tariffa-pay-now2.jpg\",\"contentUrl\":\"https:\/\/residencepdn.it\/wp-content\/uploads\/2022\/01\/Risparmia-con-la-tariffa-pay-now2.jpg\",\"width\":1909,\"height\":1279,\"caption\":\"Risparmia con la tariffa non rimborsabile\"},{\"@type\":\"BreadcrumbList\",\"@id\":\"https:\/\/www.residencepdn.com\/offers\/save-with-not-refoundable-rate\/#breadcrumb\",\"itemListElement\":[{\"@type\":\"ListItem\",\"position\":1,\"name\":\"Home\",\"item\":\"https:\/\/residencepdn.it\/de\/\"},{\"@type\":\"ListItem\",\"position\":2,\"name\":\"Angebote\",\"item\":\"https:\/\/residencepdn.it\/de\/angebote\/\"},{\"@type\":\"ListItem\",\"position\":3,\"name\":\"UNSER PREISKNALLER: DER BOOK &#038; PAY NOW TARIF\"}]},{\"@type\":\"WebSite\",\"@id\":\"https:\/\/residencepdn.it\/#website\",\"url\":\"https:\/\/residencepdn.it\/\",\"name\":\"Residence Pian Della Nave\",\"description\":\"Appartamenti residence Milano\",\"publisher\":{\"@id\":\"https:\/\/residencepdn.it\/#organization\"},\"potentialAction\":[{\"@type\":\"SearchAction\",\"target\":{\"@type\":\"EntryPoint\",\"urlTemplate\":\"https:\/\/residencepdn.it\/?s={search_term_string}\"},\"query-input\":{\"@type\":\"PropertyValueSpecification\",\"valueRequired\":true,\"valueName\":\"search_term_string\"}}],\"inLanguage\":\"de\"},{\"@type\":\"Organization\",\"@id\":\"https:\/\/residencepdn.it\/#organization\",\"name\":\"Pian della Nave Srl\",\"url\":\"https:\/\/residencepdn.it\/\",\"logo\":{\"@type\":\"ImageObject\",\"inLanguage\":\"de\",\"@id\":\"https:\/\/residencepdn.it\/#\/schema\/logo\/image\/\",\"url\":\"https:\/\/residencepdn.it\/wp-content\/uploads\/2022\/01\/residence-pian-della-nave-milano.png\",\"contentUrl\":\"https:\/\/residencepdn.it\/wp-content\/uploads\/2022\/01\/residence-pian-della-nave-milano.png\",\"width\":120,\"height\":101,\"caption\":\"Pian della Nave Srl\"},\"image\":{\"@id\":\"https:\/\/residencepdn.it\/#\/schema\/logo\/image\/\"}}]}<\/script>\n<!-- \/ Yoast SEO plugin. -->","yoast_head_json":{"title":"Save with not refoundable rate - Residence Pian della Nave Mailand","description":"Save with not refoundable rate.","robots":{"index":"index","follow":"follow","max-snippet":"max-snippet:-1","max-image-preview":"max-image-preview:large","max-video-preview":"max-video-preview:-1"},"canonical":"https:\/\/www.residencepdn.com\/offers\/save-with-not-refoundable-rate\/","og_locale":"de_DE","og_type":"article","og_title":"Save with not refoundable rate - Residence Pian della Nave Mailand","og_description":"Save with not refoundable rate.","og_url":"https:\/\/www.residencepdn.com\/offers\/save-with-not-refoundable-rate\/","og_site_name":"Residence Pian Della Nave","article_modified_time":"2022-10-17T13:09:05+00:00","og_image":[{"width":1909,"height":1279,"url":"https:\/\/residencepdn.it\/wp-content\/uploads\/2022\/01\/Risparmia-con-la-tariffa-pay-now2.jpg","type":"image\/jpeg"}],"twitter_card":"summary_large_image","twitter_misc":{"Gesch\u00e4tzte Lesezeit":"1\u00a0Minute"},"schema":{"@context":"https:\/\/schema.org","@graph":[{"@type":"WebPage","@id":"https:\/\/residencepdn.it\/de\/angebote\/save-with-not-refoundable-rate\/","url":"https:\/\/www.residencepdn.com\/offers\/save-with-not-refoundable-rate\/","name":"Save with not refoundable rate - Residence Pian della Nave Mailand","isPartOf":{"@id":"https:\/\/residencepdn.it\/#website"},"primaryImageOfPage":{"@id":"https:\/\/www.residencepdn.com\/offers\/save-with-not-refoundable-rate\/#primaryimage"},"image":{"@id":"https:\/\/www.residencepdn.com\/offers\/save-with-not-refoundable-rate\/#primaryimage"},"thumbnailUrl":"https:\/\/residencepdn.it\/wp-content\/uploads\/2022\/01\/Risparmia-con-la-tariffa-pay-now2.jpg","datePublished":"2022-01-17T21:33:11+00:00","dateModified":"2022-10-17T13:09:05+00:00","description":"Save with not refoundable rate.","breadcrumb":{"@id":"https:\/\/www.residencepdn.com\/offers\/save-with-not-refoundable-rate\/#breadcrumb"},"inLanguage":"de","potentialAction":[{"@type":"ReadAction","target":["https:\/\/www.residencepdn.com\/offers\/save-with-not-refoundable-rate\/"]}]},{"@type":"ImageObject","inLanguage":"de","@id":"https:\/\/www.residencepdn.com\/offers\/save-with-not-refoundable-rate\/#primaryimage","url":"https:\/\/residencepdn.it\/wp-content\/uploads\/2022\/01\/Risparmia-con-la-tariffa-pay-now2.jpg","contentUrl":"https:\/\/residencepdn.it\/wp-content\/uploads\/2022\/01\/Risparmia-con-la-tariffa-pay-now2.jpg","width":1909,"height":1279,"caption":"Risparmia con la tariffa non rimborsabile"},{"@type":"BreadcrumbList","@id":"https:\/\/www.residencepdn.com\/offers\/save-with-not-refoundable-rate\/#breadcrumb","itemListElement":[{"@type":"ListItem","position":1,"name":"Home","item":"https:\/\/residencepdn.it\/de\/"},{"@type":"ListItem","position":2,"name":"Angebote","item":"https:\/\/residencepdn.it\/de\/angebote\/"},{"@type":"ListItem","position":3,"name":"UNSER PREISKNALLER: DER BOOK &#038; PAY NOW TARIF"}]},{"@type":"WebSite","@id":"https:\/\/residencepdn.it\/#website","url":"https:\/\/residencepdn.it\/","name":"Residence Pian Della Nave","description":"Appartamenti residence Milano","publisher":{"@id":"https:\/\/residencepdn.it\/#organization"},"potentialAction":[{"@type":"SearchAction","target":{"@type":"EntryPoint","urlTemplate":"https:\/\/residencepdn.it\/?s={search_term_string}"},"query-input":{"@type":"PropertyValueSpecification","valueRequired":true,"valueName":"search_term_string"}}],"inLanguage":"de"},{"@type":"Organization","@id":"https:\/\/residencepdn.it\/#organization","name":"Pian della Nave Srl","url":"https:\/\/residencepdn.it\/","logo":{"@type":"ImageObject","inLanguage":"de","@id":"https:\/\/residencepdn.it\/#\/schema\/logo\/image\/","url":"https:\/\/residencepdn.it\/wp-content\/uploads\/2022\/01\/residence-pian-della-nave-milano.png","contentUrl":"https:\/\/residencepdn.it\/wp-content\/uploads\/2022\/01\/residence-pian-della-nave-milano.png","width":120,"height":101,"caption":"Pian della Nave Srl"},"image":{"@id":"https:\/\/residencepdn.it\/#\/schema\/logo\/image\/"}}]}},"_links":{"self":[{"href":"https:\/\/residencepdn.it\/de\/wp-json\/wp\/v2\/pages\/1403","targetHints":{"allow":["GET"]}}],"collection":[{"href":"https:\/\/residencepdn.it\/de\/wp-json\/wp\/v2\/pages"}],"about":[{"href":"https:\/\/residencepdn.it\/de\/wp-json\/wp\/v2\/types\/page"}],"author":[{"embeddable":true,"href":"https:\/\/residencepdn.it\/de\/wp-json\/wp\/v2\/users\/1"}],"replies":[{"embeddable":true,"href":"https:\/\/residencepdn.it\/de\/wp-json\/wp\/v2\/comments?post=1403"}],"version-history":[{"count":0,"href":"https:\/\/residencepdn.it\/de\/wp-json\/wp\/v2\/pages\/1403\/revisions"}],"up":[{"embeddable":true,"href":"https:\/\/residencepdn.it\/de\/wp-json\/wp\/v2\/pages\/1345"}],"wp:featuredmedia":[{"embeddable":true,"href":"https:\/\/residencepdn.it\/de\/wp-json\/wp\/v2\/media\/825"}],"wp:attachment":[{"href":"https:\/\/residencepdn.it\/de\/wp-json\/wp\/v2\/media?parent=1403"}],"curies":[{"name":"wp","href":"https:\/\/api.w.org\/{rel}","templated":true}]}}