{"id":1410,"date":"2022-01-17T22:27:09","date_gmt":"2022-01-17T21:27:09","guid":{"rendered":"https:\/\/residencepdn.it\/angebote\/compagnie-teatrali\/"},"modified":"2022-10-17T15:05:42","modified_gmt":"2022-10-17T13:05:42","slug":"acting-companies-agreements","status":"publish","type":"page","link":"https:\/\/residencepdn.it\/de\/angebote\/acting-companies-agreements\/","title":{"rendered":"SONDERPREISE F\u00dcR THEATERENSEMBLE"},"content":{"rendered":"<p>Auf Anfrage bieten wir Ihnen Sondervertr\u00e4ge mit ma\u00dfgeschneidenen Tarifen f\u00fcr Buchungen auf Langzeitmiete sowie exklusive Erm\u00e4\u00dfigungen f\u00fcr Reservierungen auf Kurzeitmiete an.<\/p>\n<p>Sollten Sie Interesse daran haben, kontaktieren Sie uns telefonisch oder schreiben Sie uns unverbindlich an.<\/p>\n<p>&nbsp;<\/p>\n<p>&nbsp;<\/p>\n<p>Bestpreisgarantie bei Direktbuchungen. Kostenfreie Stornierung unter Umst\u00e4nden m\u00f6glich.<\/p>\n","protected":false},"excerpt":{"rendered":"<p>Auf Anfrage bieten wir Ihnen Sondervertr\u00e4ge mit ma\u00dfgeschneidenen Tarifen f\u00fcr Buchungen auf Langzeitmiete sowie exklusive Erm\u00e4\u00dfigungen f\u00fcr Reservierungen auf Kurzeitmiete an. Sollten Sie Interesse daran haben, kontaktieren Sie uns telefonisch oder schreiben Sie uns unverbindlich an. &nbsp; &nbsp; Bestpreisgarantie bei Direktbuchungen. Kostenfreie Stornierung unter Umst\u00e4nden m\u00f6glich.<\/p>\n","protected":false},"author":1,"featured_media":817,"parent":1345,"menu_order":4,"comment_status":"closed","ping_status":"closed","template":"","meta":{"_acf_changed":false,"footnotes":""},"class_list":["post-1410","page","type-page","status-publish","has-post-thumbnail","hentry"],"acf":[],"yoast_head":"<!-- This site is optimized with the Yoast SEO plugin v26.9 - https:\/\/yoast.com\/product\/yoast-seo-wordpress\/ -->\n<title>Acting Companies Agreements - Residence Pian della Nave Mailand<\/title>\n<meta name=\"description\" content=\"Acting Companies Agreements\" \/>\n<meta name=\"robots\" content=\"index, follow, max-snippet:-1, max-image-preview:large, max-video-preview:-1\" \/>\n<link rel=\"canonical\" href=\"https:\/\/www.residencepdn.com\/offers\/acting-companies-agreements\/\" \/>\n<meta property=\"og:locale\" content=\"de_DE\" \/>\n<meta property=\"og:type\" content=\"article\" \/>\n<meta property=\"og:title\" content=\"Acting Companies Agreements - Residence Pian della Nave Mailand\" \/>\n<meta property=\"og:description\" content=\"Acting Companies Agreements\" \/>\n<meta property=\"og:url\" content=\"https:\/\/www.residencepdn.com\/offers\/acting-companies-agreements\/\" \/>\n<meta property=\"og:site_name\" content=\"Residence Pian Della Nave\" \/>\n<meta property=\"article:modified_time\" content=\"2022-10-17T13:05:42+00:00\" \/>\n<meta property=\"og:image\" content=\"https:\/\/residencepdn.it\/wp-content\/uploads\/2022\/01\/CONV-TEATRALI2.jpg\" \/>\n\t<meta property=\"og:image:width\" content=\"939\" \/>\n\t<meta property=\"og:image:height\" content=\"662\" \/>\n\t<meta property=\"og:image:type\" content=\"image\/jpeg\" \/>\n<meta name=\"twitter:card\" content=\"summary_large_image\" \/>\n<script type=\"application\/ld+json\" class=\"yoast-schema-graph\">{\"@context\":\"https:\/\/schema.org\",\"@graph\":[{\"@type\":\"WebPage\",\"@id\":\"https:\/\/residencepdn.it\/de\/angebote\/acting-companies-agreements\/\",\"url\":\"https:\/\/www.residencepdn.com\/offers\/acting-companies-agreements\/\",\"name\":\"Acting Companies Agreements - Residence Pian della Nave Mailand\",\"isPartOf\":{\"@id\":\"https:\/\/residencepdn.it\/#website\"},\"primaryImageOfPage\":{\"@id\":\"https:\/\/www.residencepdn.com\/offers\/acting-companies-agreements\/#primaryimage\"},\"image\":{\"@id\":\"https:\/\/www.residencepdn.com\/offers\/acting-companies-agreements\/#primaryimage\"},\"thumbnailUrl\":\"https:\/\/residencepdn.it\/wp-content\/uploads\/2022\/01\/CONV-TEATRALI2.jpg\",\"datePublished\":\"2022-01-17T21:27:09+00:00\",\"dateModified\":\"2022-10-17T13:05:42+00:00\",\"description\":\"Acting Companies Agreements\",\"breadcrumb\":{\"@id\":\"https:\/\/www.residencepdn.com\/offers\/acting-companies-agreements\/#breadcrumb\"},\"inLanguage\":\"de\",\"potentialAction\":[{\"@type\":\"ReadAction\",\"target\":[\"https:\/\/www.residencepdn.com\/offers\/acting-companies-agreements\/\"]}]},{\"@type\":\"ImageObject\",\"inLanguage\":\"de\",\"@id\":\"https:\/\/www.residencepdn.com\/offers\/acting-companies-agreements\/#primaryimage\",\"url\":\"https:\/\/residencepdn.it\/wp-content\/uploads\/2022\/01\/CONV-TEATRALI2.jpg\",\"contentUrl\":\"https:\/\/residencepdn.it\/wp-content\/uploads\/2022\/01\/CONV-TEATRALI2.jpg\",\"width\":939,\"height\":662,\"caption\":\"Residence a Milano: convenzioni per compagnie teatrali\"},{\"@type\":\"BreadcrumbList\",\"@id\":\"https:\/\/www.residencepdn.com\/offers\/acting-companies-agreements\/#breadcrumb\",\"itemListElement\":[{\"@type\":\"ListItem\",\"position\":1,\"name\":\"Home\",\"item\":\"https:\/\/residencepdn.it\/de\/\"},{\"@type\":\"ListItem\",\"position\":2,\"name\":\"Angebote\",\"item\":\"https:\/\/residencepdn.it\/de\/angebote\/\"},{\"@type\":\"ListItem\",\"position\":3,\"name\":\"SONDERPREISE F\u00dcR THEATERENSEMBLE\"}]},{\"@type\":\"WebSite\",\"@id\":\"https:\/\/residencepdn.it\/#website\",\"url\":\"https:\/\/residencepdn.it\/\",\"name\":\"Residence Pian Della Nave\",\"description\":\"Appartamenti residence Milano\",\"publisher\":{\"@id\":\"https:\/\/residencepdn.it\/#organization\"},\"potentialAction\":[{\"@type\":\"SearchAction\",\"target\":{\"@type\":\"EntryPoint\",\"urlTemplate\":\"https:\/\/residencepdn.it\/?s={search_term_string}\"},\"query-input\":{\"@type\":\"PropertyValueSpecification\",\"valueRequired\":true,\"valueName\":\"search_term_string\"}}],\"inLanguage\":\"de\"},{\"@type\":\"Organization\",\"@id\":\"https:\/\/residencepdn.it\/#organization\",\"name\":\"Pian della Nave Srl\",\"url\":\"https:\/\/residencepdn.it\/\",\"logo\":{\"@type\":\"ImageObject\",\"inLanguage\":\"de\",\"@id\":\"https:\/\/residencepdn.it\/#\/schema\/logo\/image\/\",\"url\":\"https:\/\/residencepdn.it\/wp-content\/uploads\/2022\/01\/residence-pian-della-nave-milano.png\",\"contentUrl\":\"https:\/\/residencepdn.it\/wp-content\/uploads\/2022\/01\/residence-pian-della-nave-milano.png\",\"width\":120,\"height\":101,\"caption\":\"Pian della Nave Srl\"},\"image\":{\"@id\":\"https:\/\/residencepdn.it\/#\/schema\/logo\/image\/\"}}]}<\/script>\n<!-- \/ Yoast SEO plugin. -->","yoast_head_json":{"title":"Acting Companies Agreements - Residence Pian della Nave Mailand","description":"Acting Companies Agreements","robots":{"index":"index","follow":"follow","max-snippet":"max-snippet:-1","max-image-preview":"max-image-preview:large","max-video-preview":"max-video-preview:-1"},"canonical":"https:\/\/www.residencepdn.com\/offers\/acting-companies-agreements\/","og_locale":"de_DE","og_type":"article","og_title":"Acting Companies Agreements - Residence Pian della Nave Mailand","og_description":"Acting Companies Agreements","og_url":"https:\/\/www.residencepdn.com\/offers\/acting-companies-agreements\/","og_site_name":"Residence Pian Della Nave","article_modified_time":"2022-10-17T13:05:42+00:00","og_image":[{"width":939,"height":662,"url":"https:\/\/residencepdn.it\/wp-content\/uploads\/2022\/01\/CONV-TEATRALI2.jpg","type":"image\/jpeg"}],"twitter_card":"summary_large_image","schema":{"@context":"https:\/\/schema.org","@graph":[{"@type":"WebPage","@id":"https:\/\/residencepdn.it\/de\/angebote\/acting-companies-agreements\/","url":"https:\/\/www.residencepdn.com\/offers\/acting-companies-agreements\/","name":"Acting Companies Agreements - Residence Pian della Nave Mailand","isPartOf":{"@id":"https:\/\/residencepdn.it\/#website"},"primaryImageOfPage":{"@id":"https:\/\/www.residencepdn.com\/offers\/acting-companies-agreements\/#primaryimage"},"image":{"@id":"https:\/\/www.residencepdn.com\/offers\/acting-companies-agreements\/#primaryimage"},"thumbnailUrl":"https:\/\/residencepdn.it\/wp-content\/uploads\/2022\/01\/CONV-TEATRALI2.jpg","datePublished":"2022-01-17T21:27:09+00:00","dateModified":"2022-10-17T13:05:42+00:00","description":"Acting Companies Agreements","breadcrumb":{"@id":"https:\/\/www.residencepdn.com\/offers\/acting-companies-agreements\/#breadcrumb"},"inLanguage":"de","potentialAction":[{"@type":"ReadAction","target":["https:\/\/www.residencepdn.com\/offers\/acting-companies-agreements\/"]}]},{"@type":"ImageObject","inLanguage":"de","@id":"https:\/\/www.residencepdn.com\/offers\/acting-companies-agreements\/#primaryimage","url":"https:\/\/residencepdn.it\/wp-content\/uploads\/2022\/01\/CONV-TEATRALI2.jpg","contentUrl":"https:\/\/residencepdn.it\/wp-content\/uploads\/2022\/01\/CONV-TEATRALI2.jpg","width":939,"height":662,"caption":"Residence a Milano: convenzioni per compagnie teatrali"},{"@type":"BreadcrumbList","@id":"https:\/\/www.residencepdn.com\/offers\/acting-companies-agreements\/#breadcrumb","itemListElement":[{"@type":"ListItem","position":1,"name":"Home","item":"https:\/\/residencepdn.it\/de\/"},{"@type":"ListItem","position":2,"name":"Angebote","item":"https:\/\/residencepdn.it\/de\/angebote\/"},{"@type":"ListItem","position":3,"name":"SONDERPREISE F\u00dcR THEATERENSEMBLE"}]},{"@type":"WebSite","@id":"https:\/\/residencepdn.it\/#website","url":"https:\/\/residencepdn.it\/","name":"Residence Pian Della Nave","description":"Appartamenti residence Milano","publisher":{"@id":"https:\/\/residencepdn.it\/#organization"},"potentialAction":[{"@type":"SearchAction","target":{"@type":"EntryPoint","urlTemplate":"https:\/\/residencepdn.it\/?s={search_term_string}"},"query-input":{"@type":"PropertyValueSpecification","valueRequired":true,"valueName":"search_term_string"}}],"inLanguage":"de"},{"@type":"Organization","@id":"https:\/\/residencepdn.it\/#organization","name":"Pian della Nave Srl","url":"https:\/\/residencepdn.it\/","logo":{"@type":"ImageObject","inLanguage":"de","@id":"https:\/\/residencepdn.it\/#\/schema\/logo\/image\/","url":"https:\/\/residencepdn.it\/wp-content\/uploads\/2022\/01\/residence-pian-della-nave-milano.png","contentUrl":"https:\/\/residencepdn.it\/wp-content\/uploads\/2022\/01\/residence-pian-della-nave-milano.png","width":120,"height":101,"caption":"Pian della Nave Srl"},"image":{"@id":"https:\/\/residencepdn.it\/#\/schema\/logo\/image\/"}}]}},"_links":{"self":[{"href":"https:\/\/residencepdn.it\/de\/wp-json\/wp\/v2\/pages\/1410","targetHints":{"allow":["GET"]}}],"collection":[{"href":"https:\/\/residencepdn.it\/de\/wp-json\/wp\/v2\/pages"}],"about":[{"href":"https:\/\/residencepdn.it\/de\/wp-json\/wp\/v2\/types\/page"}],"author":[{"embeddable":true,"href":"https:\/\/residencepdn.it\/de\/wp-json\/wp\/v2\/users\/1"}],"replies":[{"embeddable":true,"href":"https:\/\/residencepdn.it\/de\/wp-json\/wp\/v2\/comments?post=1410"}],"version-history":[{"count":0,"href":"https:\/\/residencepdn.it\/de\/wp-json\/wp\/v2\/pages\/1410\/revisions"}],"up":[{"embeddable":true,"href":"https:\/\/residencepdn.it\/de\/wp-json\/wp\/v2\/pages\/1345"}],"wp:featuredmedia":[{"embeddable":true,"href":"https:\/\/residencepdn.it\/de\/wp-json\/wp\/v2\/media\/817"}],"wp:attachment":[{"href":"https:\/\/residencepdn.it\/de\/wp-json\/wp\/v2\/media?parent=1410"}],"curies":[{"name":"wp","href":"https:\/\/api.w.org\/{rel}","templated":true}]}}