{"id":1453,"date":"2022-01-17T15:31:06","date_gmt":"2022-01-17T14:31:06","guid":{"rendered":"https:\/\/residencepdn.it\/perche-sceglierci\/"},"modified":"2022-10-17T16:41:44","modified_gmt":"2022-10-17T14:41:44","slug":"warum-uns-waehlen","status":"publish","type":"page","link":"https:\/\/residencepdn.it\/de\/warum-uns-waehlen\/","title":{"rendered":"IHRE VORTEILE"},"content":{"rendered":"<p><strong>Warum sollten Sie ein Apartmenthaus (Residence) statt ein Hotel w\u00e4hlen?<\/strong><\/p>\n<p><strong>\u00a0<\/strong><\/p>\n<p>Einige Gr\u00fcnden sprechen daf\u00fcr, bei Ihrer Wahl eine Mietwohnung\u00a0 einem Hotelzimmer vorzuziehen.<\/p>\n<p>Selbstverst\u00e4ndlich sollten Sie dabei Ihre eigenen Bed\u00fcrfnisse ber\u00fccksichtigen.<\/p>\n<p>&nbsp;<\/p>\n<p>Die Wahl eines Apartments auf Miete bei einem Residence (das sogenannte <em>serviced apartment<\/em>) bringt bestimmt einige Pluspunkte mit sich. Dort finden Sie die \u00fcblichen Dienstleistungen eines Hotels \u2013 kostenlosen Internetzugang, regelm\u00e4\u00dfige Reinigung und Wechsel der Bettw\u00e4sche, einen Parkplatz (gegen Geb\u00fchr) sowie den Empfangsservice.\u00a0 Dabei wird aber auf h\u00f6chste Flexibit\u00e4t gr\u00f6\u00dften Wert gelegt, besonders hinsichtlich der Aufenthaltsdauer und Ihrer \u00a0h\u00f6heren Bewegungsfreiheit.<\/p>\n<p>&nbsp;<\/p>\n<p>Beim <strong>Residence PDN Milano<\/strong> \u2013 einem mit dem besten Preis-Leistung-Verh\u00e4ltnis unter den Apartmenth\u00e4usern in Mailand \u2013 finden Sie 2-Zimmer Apartments mit Grundfl\u00e4chen von 40 bis 60 m<sup>2<\/sup>, vollm\u00f6bliert und komplett ausgestattet.\u00a0 Dank der separaten Kochnische mit eigenem Fenster k\u00f6nnen Sie nach Lust und Laune Ihre Mahlzeiten zubereiten oder einfach frische Lebensmittel im K\u00fchlschrank aufbewahren.<\/p>\n<p>Jedes Apartment ist einmalig im Stil und geschmackvoll eingerichtet, was es zum Unikat macht.<\/p>\n<p>Das Wohnzimmer bietet Ihnen die perfekte Einrichtung zur Entspannung aber kann sich bei Bedarf mit ruck zuck \u00a0ins neue Homeoffice umwandeln. Ihr Wohlsein und Ihre Privatsph\u00e4re liegen uns am Herzen.<\/p>\n<p>Eins ist uns sicher: Sie werden sich wie in Ihren eigenen vier W\u00e4nden f\u00fchlen.<\/p>\n<p>Unsere Mitarbeiter stehen Ihnen\u00a0 jederzeit zur Verf\u00fcgung und helfen Ihnen gerne bei den zus\u00e4tzlichen Dienstleistungen im Residence weiter (Snackautomaten, W\u00e4scherei und \u00e4hnliches), falls erw\u00fcnscht.<\/p>\n<p>Um Ihren Aufenthalt zu bereichern, steht Ihnen gerne unser Team mit Tips \u00fcber naheliegende Restaurants, Sehensw\u00fcrdigkeiten und Aktivit\u00e4ten mit Rat und Tat zur Seite.<\/p>\n<p>&nbsp;<\/p>\n<p>Auf unserer Website (hier + link) k\u00f6nnen Sie sich am besten \u00fcber die aktuellsten Veranstaltugen, Messen sowie Events und Konzerte in Mailand informieren (Infos auf Italienisch \/ Englisch)<\/p>\n<p>Geniessen Sie Mailand wie ein Einheimichler!<\/p>\n<p>&nbsp;<\/p>\n<p><strong>Residence PDN Milano:\u00a0 Mailand anders erleben.<\/strong><\/p>\n","protected":false},"excerpt":{"rendered":"<p>Warum sollten Sie ein Apartmenthaus (Residence) statt ein Hotel w\u00e4hlen? \u00a0 Einige Gr\u00fcnden sprechen daf\u00fcr, bei Ihrer Wahl eine Mietwohnung\u00a0 einem Hotelzimmer vorzuziehen. Selbstverst\u00e4ndlich sollten Sie dabei Ihre eigenen Bed\u00fcrfnisse ber\u00fccksichtigen. &nbsp; Die Wahl eines Apartments auf Miete bei einem Residence (das sogenannte serviced apartment) bringt bestimmt einige Pluspunkte mit sich. Dort finden Sie die [&hellip;]<\/p>\n","protected":false},"author":1,"featured_media":0,"parent":0,"menu_order":0,"comment_status":"closed","ping_status":"closed","template":"","meta":{"_acf_changed":false,"footnotes":""},"class_list":["post-1453","page","type-page","status-publish","hentry"],"acf":[],"yoast_head":"<!-- This site is optimized with the Yoast SEO plugin v26.9 - https:\/\/yoast.com\/product\/yoast-seo-wordpress\/ -->\n<title>Warum uns w\u00e4hlen? - Residence Pian della Nave Mailand<\/title>\n<meta name=\"description\" content=\"Warum uns w\u00e4hlen?\" \/>\n<meta name=\"robots\" content=\"index, follow, max-snippet:-1, max-image-preview:large, max-video-preview:-1\" \/>\n<link rel=\"canonical\" href=\"https:\/\/residencepdn.it\/de\/warum-uns-waehlen\/\" \/>\n<meta property=\"og:locale\" content=\"de_DE\" \/>\n<meta property=\"og:type\" content=\"article\" \/>\n<meta property=\"og:title\" content=\"Warum uns w\u00e4hlen? - Residence Pian della Nave Mailand\" \/>\n<meta property=\"og:description\" content=\"Warum uns w\u00e4hlen?\" \/>\n<meta property=\"og:url\" content=\"https:\/\/residencepdn.it\/de\/warum-uns-waehlen\/\" \/>\n<meta property=\"og:site_name\" content=\"Residence Pian Della Nave\" \/>\n<meta property=\"article:modified_time\" content=\"2022-10-17T14:41:44+00:00\" \/>\n<meta name=\"twitter:card\" content=\"summary_large_image\" \/>\n<meta name=\"twitter:label1\" content=\"Gesch\u00e4tzte Lesezeit\" \/>\n\t<meta name=\"twitter:data1\" content=\"2\u00a0Minuten\" \/>\n<script type=\"application\/ld+json\" class=\"yoast-schema-graph\">{\"@context\":\"https:\/\/schema.org\",\"@graph\":[{\"@type\":\"WebPage\",\"@id\":\"https:\/\/residencepdn.it\/de\/warum-uns-waehlen\/\",\"url\":\"https:\/\/residencepdn.it\/de\/warum-uns-waehlen\/\",\"name\":\"Warum uns w\u00e4hlen? - Residence Pian della Nave Mailand\",\"isPartOf\":{\"@id\":\"https:\/\/residencepdn.it\/#website\"},\"datePublished\":\"2022-01-17T14:31:06+00:00\",\"dateModified\":\"2022-10-17T14:41:44+00:00\",\"description\":\"Warum uns w\u00e4hlen?\",\"breadcrumb\":{\"@id\":\"https:\/\/residencepdn.it\/de\/warum-uns-waehlen\/#breadcrumb\"},\"inLanguage\":\"de\",\"potentialAction\":[{\"@type\":\"ReadAction\",\"target\":[\"https:\/\/residencepdn.it\/de\/warum-uns-waehlen\/\"]}]},{\"@type\":\"BreadcrumbList\",\"@id\":\"https:\/\/residencepdn.it\/de\/warum-uns-waehlen\/#breadcrumb\",\"itemListElement\":[{\"@type\":\"ListItem\",\"position\":1,\"name\":\"Home\",\"item\":\"https:\/\/residencepdn.it\/de\/\"},{\"@type\":\"ListItem\",\"position\":2,\"name\":\"IHRE VORTEILE\"}]},{\"@type\":\"WebSite\",\"@id\":\"https:\/\/residencepdn.it\/#website\",\"url\":\"https:\/\/residencepdn.it\/\",\"name\":\"Residence Pian Della Nave\",\"description\":\"Appartamenti residence Milano\",\"publisher\":{\"@id\":\"https:\/\/residencepdn.it\/#organization\"},\"potentialAction\":[{\"@type\":\"SearchAction\",\"target\":{\"@type\":\"EntryPoint\",\"urlTemplate\":\"https:\/\/residencepdn.it\/?s={search_term_string}\"},\"query-input\":{\"@type\":\"PropertyValueSpecification\",\"valueRequired\":true,\"valueName\":\"search_term_string\"}}],\"inLanguage\":\"de\"},{\"@type\":\"Organization\",\"@id\":\"https:\/\/residencepdn.it\/#organization\",\"name\":\"Pian della Nave Srl\",\"url\":\"https:\/\/residencepdn.it\/\",\"logo\":{\"@type\":\"ImageObject\",\"inLanguage\":\"de\",\"@id\":\"https:\/\/residencepdn.it\/#\/schema\/logo\/image\/\",\"url\":\"https:\/\/residencepdn.it\/wp-content\/uploads\/2022\/01\/residence-pian-della-nave-milano.png\",\"contentUrl\":\"https:\/\/residencepdn.it\/wp-content\/uploads\/2022\/01\/residence-pian-della-nave-milano.png\",\"width\":120,\"height\":101,\"caption\":\"Pian della Nave Srl\"},\"image\":{\"@id\":\"https:\/\/residencepdn.it\/#\/schema\/logo\/image\/\"}}]}<\/script>\n<!-- \/ Yoast SEO plugin. -->","yoast_head_json":{"title":"Warum uns w\u00e4hlen? - Residence Pian della Nave Mailand","description":"Warum uns w\u00e4hlen?","robots":{"index":"index","follow":"follow","max-snippet":"max-snippet:-1","max-image-preview":"max-image-preview:large","max-video-preview":"max-video-preview:-1"},"canonical":"https:\/\/residencepdn.it\/de\/warum-uns-waehlen\/","og_locale":"de_DE","og_type":"article","og_title":"Warum uns w\u00e4hlen? - Residence Pian della Nave Mailand","og_description":"Warum uns w\u00e4hlen?","og_url":"https:\/\/residencepdn.it\/de\/warum-uns-waehlen\/","og_site_name":"Residence Pian Della Nave","article_modified_time":"2022-10-17T14:41:44+00:00","twitter_card":"summary_large_image","twitter_misc":{"Gesch\u00e4tzte Lesezeit":"2\u00a0Minuten"},"schema":{"@context":"https:\/\/schema.org","@graph":[{"@type":"WebPage","@id":"https:\/\/residencepdn.it\/de\/warum-uns-waehlen\/","url":"https:\/\/residencepdn.it\/de\/warum-uns-waehlen\/","name":"Warum uns w\u00e4hlen? - Residence Pian della Nave Mailand","isPartOf":{"@id":"https:\/\/residencepdn.it\/#website"},"datePublished":"2022-01-17T14:31:06+00:00","dateModified":"2022-10-17T14:41:44+00:00","description":"Warum uns w\u00e4hlen?","breadcrumb":{"@id":"https:\/\/residencepdn.it\/de\/warum-uns-waehlen\/#breadcrumb"},"inLanguage":"de","potentialAction":[{"@type":"ReadAction","target":["https:\/\/residencepdn.it\/de\/warum-uns-waehlen\/"]}]},{"@type":"BreadcrumbList","@id":"https:\/\/residencepdn.it\/de\/warum-uns-waehlen\/#breadcrumb","itemListElement":[{"@type":"ListItem","position":1,"name":"Home","item":"https:\/\/residencepdn.it\/de\/"},{"@type":"ListItem","position":2,"name":"IHRE VORTEILE"}]},{"@type":"WebSite","@id":"https:\/\/residencepdn.it\/#website","url":"https:\/\/residencepdn.it\/","name":"Residence Pian Della Nave","description":"Appartamenti residence Milano","publisher":{"@id":"https:\/\/residencepdn.it\/#organization"},"potentialAction":[{"@type":"SearchAction","target":{"@type":"EntryPoint","urlTemplate":"https:\/\/residencepdn.it\/?s={search_term_string}"},"query-input":{"@type":"PropertyValueSpecification","valueRequired":true,"valueName":"search_term_string"}}],"inLanguage":"de"},{"@type":"Organization","@id":"https:\/\/residencepdn.it\/#organization","name":"Pian della Nave Srl","url":"https:\/\/residencepdn.it\/","logo":{"@type":"ImageObject","inLanguage":"de","@id":"https:\/\/residencepdn.it\/#\/schema\/logo\/image\/","url":"https:\/\/residencepdn.it\/wp-content\/uploads\/2022\/01\/residence-pian-della-nave-milano.png","contentUrl":"https:\/\/residencepdn.it\/wp-content\/uploads\/2022\/01\/residence-pian-della-nave-milano.png","width":120,"height":101,"caption":"Pian della Nave Srl"},"image":{"@id":"https:\/\/residencepdn.it\/#\/schema\/logo\/image\/"}}]}},"_links":{"self":[{"href":"https:\/\/residencepdn.it\/de\/wp-json\/wp\/v2\/pages\/1453","targetHints":{"allow":["GET"]}}],"collection":[{"href":"https:\/\/residencepdn.it\/de\/wp-json\/wp\/v2\/pages"}],"about":[{"href":"https:\/\/residencepdn.it\/de\/wp-json\/wp\/v2\/types\/page"}],"author":[{"embeddable":true,"href":"https:\/\/residencepdn.it\/de\/wp-json\/wp\/v2\/users\/1"}],"replies":[{"embeddable":true,"href":"https:\/\/residencepdn.it\/de\/wp-json\/wp\/v2\/comments?post=1453"}],"version-history":[{"count":0,"href":"https:\/\/residencepdn.it\/de\/wp-json\/wp\/v2\/pages\/1453\/revisions"}],"wp:attachment":[{"href":"https:\/\/residencepdn.it\/de\/wp-json\/wp\/v2\/media?parent=1453"}],"curies":[{"name":"wp","href":"https:\/\/api.w.org\/{rel}","templated":true}]}}