{"id":1675,"date":"2021-12-22T10:50:07","date_gmt":"2021-12-22T09:50:07","guid":{"rendered":"https:\/\/residencepdn.it\/home-page\/"},"modified":"2022-10-17T12:14:43","modified_gmt":"2022-10-17T10:14:43","slug":"home-page","status":"publish","type":"page","link":"https:\/\/residencepdn.it\/de\/","title":{"rendered":"Home Page"},"content":{"rendered":"","protected":false},"excerpt":{"rendered":"","protected":false},"author":1,"featured_media":0,"parent":0,"menu_order":0,"comment_status":"closed","ping_status":"open","template":"","meta":{"_acf_changed":false,"footnotes":""},"class_list":["post-1675","page","type-page","status-publish","hentry"],"acf":[],"yoast_head":"<!-- This site is optimized with the Yoast SEO plugin v26.9 - https:\/\/yoast.com\/product\/yoast-seo-wordpress\/ -->\n<title>Home - Residence Pian della Nave Mailand<\/title>\n<meta name=\"description\" content=\"Die Wohnanlagen-Residenz Pian della Nave im Zentrum von Mailand verf\u00fcgt \u00fcber ein breites Angebot an Suiten und stellt die \u00fcberaus praktische L\u00f6sung f\u00fcr anspruchsvolle G\u00e4ste dar, die f\u00fcr ihren Aufenthalt in der Metropole eine elegante Residenz w\u00e4hlen.\" \/>\n<meta name=\"robots\" content=\"index, follow, max-snippet:-1, max-image-preview:large, max-video-preview:-1\" \/>\n<link rel=\"canonical\" href=\"https:\/\/residencepdn.it\/de\/\" \/>\n<meta property=\"og:locale\" content=\"de_DE\" \/>\n<meta property=\"og:type\" content=\"article\" \/>\n<meta property=\"og:title\" content=\"Home - Residence Pian della Nave Mailand\" \/>\n<meta property=\"og:description\" content=\"Die Wohnanlagen-Residenz Pian della Nave im Zentrum von Mailand verf\u00fcgt \u00fcber ein breites Angebot an Suiten und stellt die \u00fcberaus praktische L\u00f6sung f\u00fcr anspruchsvolle G\u00e4ste dar, die f\u00fcr ihren Aufenthalt in der Metropole eine elegante Residenz w\u00e4hlen.\" \/>\n<meta property=\"og:url\" content=\"https:\/\/residencepdn.it\/de\/\" \/>\n<meta property=\"og:site_name\" content=\"Residence Pian Della Nave\" \/>\n<meta property=\"article:modified_time\" content=\"2022-10-17T10:14:43+00:00\" \/>\n<meta name=\"twitter:card\" content=\"summary_large_image\" \/>\n<script type=\"application\/ld+json\" class=\"yoast-schema-graph\">{\"@context\":\"https:\/\/schema.org\",\"@graph\":[{\"@type\":\"WebPage\",\"@id\":\"https:\/\/residencepdn.it\/de\/\",\"url\":\"https:\/\/residencepdn.it\/de\/\",\"name\":\"Home - Residence Pian della Nave Mailand\",\"isPartOf\":{\"@id\":\"https:\/\/residencepdn.it\/#website\"},\"datePublished\":\"2021-12-22T09:50:07+00:00\",\"dateModified\":\"2022-10-17T10:14:43+00:00\",\"description\":\"Die Wohnanlagen-Residenz Pian della Nave im Zentrum von Mailand verf\u00fcgt \u00fcber ein breites Angebot an Suiten und stellt die \u00fcberaus praktische L\u00f6sung f\u00fcr anspruchsvolle G\u00e4ste dar, die f\u00fcr ihren Aufenthalt in der Metropole eine elegante Residenz w\u00e4hlen.\",\"breadcrumb\":{\"@id\":\"https:\/\/residencepdn.it\/de\/#breadcrumb\"},\"inLanguage\":\"de\",\"potentialAction\":[{\"@type\":\"ReadAction\",\"target\":[\"https:\/\/residencepdn.it\/de\/\"]}]},{\"@type\":\"BreadcrumbList\",\"@id\":\"https:\/\/residencepdn.it\/de\/#breadcrumb\",\"itemListElement\":[{\"@type\":\"ListItem\",\"position\":1,\"name\":\"Home\",\"item\":\"https:\/\/residencepdn.it\/de\/\"},{\"@type\":\"ListItem\",\"position\":2,\"name\":\"Home Page\"}]},{\"@type\":\"WebSite\",\"@id\":\"https:\/\/residencepdn.it\/#website\",\"url\":\"https:\/\/residencepdn.it\/\",\"name\":\"Residence Pian Della Nave\",\"description\":\"Appartamenti residence Milano\",\"publisher\":{\"@id\":\"https:\/\/residencepdn.it\/#organization\"},\"potentialAction\":[{\"@type\":\"SearchAction\",\"target\":{\"@type\":\"EntryPoint\",\"urlTemplate\":\"https:\/\/residencepdn.it\/?s={search_term_string}\"},\"query-input\":{\"@type\":\"PropertyValueSpecification\",\"valueRequired\":true,\"valueName\":\"search_term_string\"}}],\"inLanguage\":\"de\"},{\"@type\":\"Organization\",\"@id\":\"https:\/\/residencepdn.it\/#organization\",\"name\":\"Pian della Nave Srl\",\"url\":\"https:\/\/residencepdn.it\/\",\"logo\":{\"@type\":\"ImageObject\",\"inLanguage\":\"de\",\"@id\":\"https:\/\/residencepdn.it\/#\/schema\/logo\/image\/\",\"url\":\"https:\/\/residencepdn.it\/wp-content\/uploads\/2022\/01\/residence-pian-della-nave-milano.png\",\"contentUrl\":\"https:\/\/residencepdn.it\/wp-content\/uploads\/2022\/01\/residence-pian-della-nave-milano.png\",\"width\":120,\"height\":101,\"caption\":\"Pian della Nave Srl\"},\"image\":{\"@id\":\"https:\/\/residencepdn.it\/#\/schema\/logo\/image\/\"}}]}<\/script>\n<!-- \/ Yoast SEO plugin. -->","yoast_head_json":{"title":"Home - Residence Pian della Nave Mailand","description":"Die Wohnanlagen-Residenz Pian della Nave im Zentrum von Mailand verf\u00fcgt \u00fcber ein breites Angebot an Suiten und stellt die \u00fcberaus praktische L\u00f6sung f\u00fcr anspruchsvolle G\u00e4ste dar, die f\u00fcr ihren Aufenthalt in der Metropole eine elegante Residenz w\u00e4hlen.","robots":{"index":"index","follow":"follow","max-snippet":"max-snippet:-1","max-image-preview":"max-image-preview:large","max-video-preview":"max-video-preview:-1"},"canonical":"https:\/\/residencepdn.it\/de\/","og_locale":"de_DE","og_type":"article","og_title":"Home - Residence Pian della Nave Mailand","og_description":"Die Wohnanlagen-Residenz Pian della Nave im Zentrum von Mailand verf\u00fcgt \u00fcber ein breites Angebot an Suiten und stellt die \u00fcberaus praktische L\u00f6sung f\u00fcr anspruchsvolle G\u00e4ste dar, die f\u00fcr ihren Aufenthalt in der Metropole eine elegante Residenz w\u00e4hlen.","og_url":"https:\/\/residencepdn.it\/de\/","og_site_name":"Residence Pian Della Nave","article_modified_time":"2022-10-17T10:14:43+00:00","twitter_card":"summary_large_image","schema":{"@context":"https:\/\/schema.org","@graph":[{"@type":"WebPage","@id":"https:\/\/residencepdn.it\/de\/","url":"https:\/\/residencepdn.it\/de\/","name":"Home - Residence Pian della Nave Mailand","isPartOf":{"@id":"https:\/\/residencepdn.it\/#website"},"datePublished":"2021-12-22T09:50:07+00:00","dateModified":"2022-10-17T10:14:43+00:00","description":"Die Wohnanlagen-Residenz Pian della Nave im Zentrum von Mailand verf\u00fcgt \u00fcber ein breites Angebot an Suiten und stellt die \u00fcberaus praktische L\u00f6sung f\u00fcr anspruchsvolle G\u00e4ste dar, die f\u00fcr ihren Aufenthalt in der Metropole eine elegante Residenz w\u00e4hlen.","breadcrumb":{"@id":"https:\/\/residencepdn.it\/de\/#breadcrumb"},"inLanguage":"de","potentialAction":[{"@type":"ReadAction","target":["https:\/\/residencepdn.it\/de\/"]}]},{"@type":"BreadcrumbList","@id":"https:\/\/residencepdn.it\/de\/#breadcrumb","itemListElement":[{"@type":"ListItem","position":1,"name":"Home","item":"https:\/\/residencepdn.it\/de\/"},{"@type":"ListItem","position":2,"name":"Home Page"}]},{"@type":"WebSite","@id":"https:\/\/residencepdn.it\/#website","url":"https:\/\/residencepdn.it\/","name":"Residence Pian Della Nave","description":"Appartamenti residence Milano","publisher":{"@id":"https:\/\/residencepdn.it\/#organization"},"potentialAction":[{"@type":"SearchAction","target":{"@type":"EntryPoint","urlTemplate":"https:\/\/residencepdn.it\/?s={search_term_string}"},"query-input":{"@type":"PropertyValueSpecification","valueRequired":true,"valueName":"search_term_string"}}],"inLanguage":"de"},{"@type":"Organization","@id":"https:\/\/residencepdn.it\/#organization","name":"Pian della Nave Srl","url":"https:\/\/residencepdn.it\/","logo":{"@type":"ImageObject","inLanguage":"de","@id":"https:\/\/residencepdn.it\/#\/schema\/logo\/image\/","url":"https:\/\/residencepdn.it\/wp-content\/uploads\/2022\/01\/residence-pian-della-nave-milano.png","contentUrl":"https:\/\/residencepdn.it\/wp-content\/uploads\/2022\/01\/residence-pian-della-nave-milano.png","width":120,"height":101,"caption":"Pian della Nave Srl"},"image":{"@id":"https:\/\/residencepdn.it\/#\/schema\/logo\/image\/"}}]}},"_links":{"self":[{"href":"https:\/\/residencepdn.it\/de\/wp-json\/wp\/v2\/pages\/1675","targetHints":{"allow":["GET"]}}],"collection":[{"href":"https:\/\/residencepdn.it\/de\/wp-json\/wp\/v2\/pages"}],"about":[{"href":"https:\/\/residencepdn.it\/de\/wp-json\/wp\/v2\/types\/page"}],"author":[{"embeddable":true,"href":"https:\/\/residencepdn.it\/de\/wp-json\/wp\/v2\/users\/1"}],"replies":[{"embeddable":true,"href":"https:\/\/residencepdn.it\/de\/wp-json\/wp\/v2\/comments?post=1675"}],"version-history":[{"count":0,"href":"https:\/\/residencepdn.it\/de\/wp-json\/wp\/v2\/pages\/1675\/revisions"}],"wp:attachment":[{"href":"https:\/\/residencepdn.it\/de\/wp-json\/wp\/v2\/media?parent=1675"}],"curies":[{"name":"wp","href":"https:\/\/api.w.org\/{rel}","templated":true}]}}