{"id":1293,"date":"2022-01-12T15:35:16","date_gmt":"2022-01-12T14:35:16","guid":{"rendered":"https:\/\/residencepdn.it\/servizi\/"},"modified":"2022-01-25T10:59:43","modified_gmt":"2022-01-25T09:59:43","slug":"nuestros-servicios","status":"publish","type":"page","link":"https:\/\/residencepdn.it\/es\/nuestros-servicios\/","title":{"rendered":"Nuestros servicios"},"content":{"rendered":"<p><strong>Busca piso en alquiler en Mil\u00e1n?<\/strong>\u00a0Residence Pian della Nave adem\u00e1s de ofrecer\u00a0<strong>soluciones residenciales ideales<\/strong>, dispone de un abanico de\u00a0<strong>servicios adicionales<\/strong>\u00a0para una esperiencia relajante y agradable, en una atm\u00f3sfera casera.<br \/>\n\u00a0<br \/>\nEl<strong>\u00a0Servicio de Acojida<\/strong>, con empleados cordiales y disponibles, ser\u00e1 operativo de lunes a viernes, desde las 9.00 hasta las 20.00 horas.<br \/>\nPodr\u00e1 contar con el<strong>\u00a0Servicio de Porter\u00eda<\/strong>, operativo de\u00a0<strong>lunes a viernes<\/strong>\u00a0desde las\u00a0<strong>8.00<\/strong>\u00a0hasta las<strong>\u00a023.30<\/strong>\u00a0horas, el\u00a0<strong>s\u00e1bado<\/strong>\u00a0desde las\u00a0<strong>8.00<\/strong>\u00a0hasta las\u00a0<strong>22.00<\/strong>\u00a0horas y el\u00a0<strong>domingo<\/strong>\u00a0desde las\u00a0<strong>9.00<\/strong>\u00a0hasta la\u00a0<strong>13.00<\/strong>.<\/p>\n","protected":false},"excerpt":{"rendered":"<p>Busca piso en alquiler en Mil\u00e1n?\u00a0Residence Pian della Nave adem\u00e1s de ofrecer\u00a0soluciones residenciales ideales, dispone de un abanico de\u00a0servicios adicionales\u00a0para una esperiencia relajante y agradable, en una atm\u00f3sfera casera. \u00a0 El\u00a0Servicio de Acojida, con empleados cordiales y disponibles, ser\u00e1 operativo de lunes a viernes, desde las 9.00 hasta las 20.00 horas. Podr\u00e1 contar con el\u00a0Servicio [&hellip;]<\/p>\n","protected":false},"author":1,"featured_media":0,"parent":0,"menu_order":0,"comment_status":"closed","ping_status":"closed","template":"","meta":{"_acf_changed":false,"footnotes":""},"class_list":["post-1293","page","type-page","status-publish","hentry"],"acf":[],"yoast_head":"<!-- This site is optimized with the Yoast SEO plugin v26.9 - https:\/\/yoast.com\/product\/yoast-seo-wordpress\/ -->\n<title>Apartamentos en Mil\u00e1n con Wi-Fi, apartotel en Mil\u00e1n con aparcamiento - Residence Pian della Nave Milano<\/title>\n<meta name=\"description\" content=\"Residence Pian della Nave Mil\u00e1n ofrece apartamentos con servicios como free Wi-fi, Tv por sat\u00e9lite, canales Mediaset Premium, lavander\u00eda, consigna, seguro, aire acondicionado, aparcamiento, microonda, secador de pelo, y mucho m\u00e1s.\" \/>\n<meta name=\"robots\" content=\"index, follow, max-snippet:-1, max-image-preview:large, max-video-preview:-1\" \/>\n<link rel=\"canonical\" href=\"https:\/\/residencepdn.it\/es\/nuestros-servicios\/\" \/>\n<meta property=\"og:locale\" content=\"es_ES\" \/>\n<meta property=\"og:type\" content=\"article\" \/>\n<meta property=\"og:title\" content=\"Apartamentos en Mil\u00e1n con Wi-Fi, apartotel en Mil\u00e1n con aparcamiento - Residence Pian della Nave Milano\" \/>\n<meta property=\"og:description\" content=\"Residence Pian della Nave Mil\u00e1n ofrece apartamentos con servicios como free Wi-fi, Tv por sat\u00e9lite, canales Mediaset Premium, lavander\u00eda, consigna, seguro, aire acondicionado, aparcamiento, microonda, secador de pelo, y mucho m\u00e1s.\" \/>\n<meta property=\"og:url\" content=\"https:\/\/residencepdn.it\/es\/nuestros-servicios\/\" \/>\n<meta property=\"og:site_name\" content=\"Residence Pian Della Nave\" \/>\n<meta property=\"article:modified_time\" content=\"2022-01-25T09:59:43+00:00\" \/>\n<meta name=\"twitter:card\" content=\"summary_large_image\" \/>\n<script type=\"application\/ld+json\" class=\"yoast-schema-graph\">{\"@context\":\"https:\/\/schema.org\",\"@graph\":[{\"@type\":\"WebPage\",\"@id\":\"https:\/\/residencepdn.it\/es\/nuestros-servicios\/\",\"url\":\"https:\/\/residencepdn.it\/es\/nuestros-servicios\/\",\"name\":\"Apartamentos en Mil\u00e1n con Wi-Fi, apartotel en Mil\u00e1n con aparcamiento - Residence Pian della Nave Milano\",\"isPartOf\":{\"@id\":\"https:\/\/residencepdn.it\/#website\"},\"datePublished\":\"2022-01-12T14:35:16+00:00\",\"dateModified\":\"2022-01-25T09:59:43+00:00\",\"description\":\"Residence Pian della Nave Mil\u00e1n ofrece apartamentos con servicios como free Wi-fi, Tv por sat\u00e9lite, canales Mediaset Premium, lavander\u00eda, consigna, seguro, aire acondicionado, aparcamiento, microonda, secador de pelo, y mucho m\u00e1s.\",\"breadcrumb\":{\"@id\":\"https:\/\/residencepdn.it\/es\/nuestros-servicios\/#breadcrumb\"},\"inLanguage\":\"es\",\"potentialAction\":[{\"@type\":\"ReadAction\",\"target\":[\"https:\/\/residencepdn.it\/es\/nuestros-servicios\/\"]}]},{\"@type\":\"BreadcrumbList\",\"@id\":\"https:\/\/residencepdn.it\/es\/nuestros-servicios\/#breadcrumb\",\"itemListElement\":[{\"@type\":\"ListItem\",\"position\":1,\"name\":\"Home\",\"item\":\"https:\/\/residencepdn.it\/es\/\"},{\"@type\":\"ListItem\",\"position\":2,\"name\":\"Nuestros servicios\"}]},{\"@type\":\"WebSite\",\"@id\":\"https:\/\/residencepdn.it\/#website\",\"url\":\"https:\/\/residencepdn.it\/\",\"name\":\"Residence Pian Della Nave\",\"description\":\"Appartamenti residence Milano\",\"publisher\":{\"@id\":\"https:\/\/residencepdn.it\/#organization\"},\"potentialAction\":[{\"@type\":\"SearchAction\",\"target\":{\"@type\":\"EntryPoint\",\"urlTemplate\":\"https:\/\/residencepdn.it\/?s={search_term_string}\"},\"query-input\":{\"@type\":\"PropertyValueSpecification\",\"valueRequired\":true,\"valueName\":\"search_term_string\"}}],\"inLanguage\":\"es\"},{\"@type\":\"Organization\",\"@id\":\"https:\/\/residencepdn.it\/#organization\",\"name\":\"Pian della Nave Srl\",\"url\":\"https:\/\/residencepdn.it\/\",\"logo\":{\"@type\":\"ImageObject\",\"inLanguage\":\"es\",\"@id\":\"https:\/\/residencepdn.it\/#\/schema\/logo\/image\/\",\"url\":\"https:\/\/residencepdn.it\/wp-content\/uploads\/2022\/01\/residence-pian-della-nave-milano.png\",\"contentUrl\":\"https:\/\/residencepdn.it\/wp-content\/uploads\/2022\/01\/residence-pian-della-nave-milano.png\",\"width\":120,\"height\":101,\"caption\":\"Pian della Nave Srl\"},\"image\":{\"@id\":\"https:\/\/residencepdn.it\/#\/schema\/logo\/image\/\"}}]}<\/script>\n<!-- \/ Yoast SEO plugin. -->","yoast_head_json":{"title":"Apartamentos en Mil\u00e1n con Wi-Fi, apartotel en Mil\u00e1n con aparcamiento - Residence Pian della Nave Milano","description":"Residence Pian della Nave Mil\u00e1n ofrece apartamentos con servicios como free Wi-fi, Tv por sat\u00e9lite, canales Mediaset Premium, lavander\u00eda, consigna, seguro, aire acondicionado, aparcamiento, microonda, secador de pelo, y mucho m\u00e1s.","robots":{"index":"index","follow":"follow","max-snippet":"max-snippet:-1","max-image-preview":"max-image-preview:large","max-video-preview":"max-video-preview:-1"},"canonical":"https:\/\/residencepdn.it\/es\/nuestros-servicios\/","og_locale":"es_ES","og_type":"article","og_title":"Apartamentos en Mil\u00e1n con Wi-Fi, apartotel en Mil\u00e1n con aparcamiento - Residence Pian della Nave Milano","og_description":"Residence Pian della Nave Mil\u00e1n ofrece apartamentos con servicios como free Wi-fi, Tv por sat\u00e9lite, canales Mediaset Premium, lavander\u00eda, consigna, seguro, aire acondicionado, aparcamiento, microonda, secador de pelo, y mucho m\u00e1s.","og_url":"https:\/\/residencepdn.it\/es\/nuestros-servicios\/","og_site_name":"Residence Pian Della Nave","article_modified_time":"2022-01-25T09:59:43+00:00","twitter_card":"summary_large_image","schema":{"@context":"https:\/\/schema.org","@graph":[{"@type":"WebPage","@id":"https:\/\/residencepdn.it\/es\/nuestros-servicios\/","url":"https:\/\/residencepdn.it\/es\/nuestros-servicios\/","name":"Apartamentos en Mil\u00e1n con Wi-Fi, apartotel en Mil\u00e1n con aparcamiento - Residence Pian della Nave Milano","isPartOf":{"@id":"https:\/\/residencepdn.it\/#website"},"datePublished":"2022-01-12T14:35:16+00:00","dateModified":"2022-01-25T09:59:43+00:00","description":"Residence Pian della Nave Mil\u00e1n ofrece apartamentos con servicios como free Wi-fi, Tv por sat\u00e9lite, canales Mediaset Premium, lavander\u00eda, consigna, seguro, aire acondicionado, aparcamiento, microonda, secador de pelo, y mucho m\u00e1s.","breadcrumb":{"@id":"https:\/\/residencepdn.it\/es\/nuestros-servicios\/#breadcrumb"},"inLanguage":"es","potentialAction":[{"@type":"ReadAction","target":["https:\/\/residencepdn.it\/es\/nuestros-servicios\/"]}]},{"@type":"BreadcrumbList","@id":"https:\/\/residencepdn.it\/es\/nuestros-servicios\/#breadcrumb","itemListElement":[{"@type":"ListItem","position":1,"name":"Home","item":"https:\/\/residencepdn.it\/es\/"},{"@type":"ListItem","position":2,"name":"Nuestros servicios"}]},{"@type":"WebSite","@id":"https:\/\/residencepdn.it\/#website","url":"https:\/\/residencepdn.it\/","name":"Residence Pian Della Nave","description":"Appartamenti residence Milano","publisher":{"@id":"https:\/\/residencepdn.it\/#organization"},"potentialAction":[{"@type":"SearchAction","target":{"@type":"EntryPoint","urlTemplate":"https:\/\/residencepdn.it\/?s={search_term_string}"},"query-input":{"@type":"PropertyValueSpecification","valueRequired":true,"valueName":"search_term_string"}}],"inLanguage":"es"},{"@type":"Organization","@id":"https:\/\/residencepdn.it\/#organization","name":"Pian della Nave Srl","url":"https:\/\/residencepdn.it\/","logo":{"@type":"ImageObject","inLanguage":"es","@id":"https:\/\/residencepdn.it\/#\/schema\/logo\/image\/","url":"https:\/\/residencepdn.it\/wp-content\/uploads\/2022\/01\/residence-pian-della-nave-milano.png","contentUrl":"https:\/\/residencepdn.it\/wp-content\/uploads\/2022\/01\/residence-pian-della-nave-milano.png","width":120,"height":101,"caption":"Pian della Nave Srl"},"image":{"@id":"https:\/\/residencepdn.it\/#\/schema\/logo\/image\/"}}]}},"_links":{"self":[{"href":"https:\/\/residencepdn.it\/es\/wp-json\/wp\/v2\/pages\/1293","targetHints":{"allow":["GET"]}}],"collection":[{"href":"https:\/\/residencepdn.it\/es\/wp-json\/wp\/v2\/pages"}],"about":[{"href":"https:\/\/residencepdn.it\/es\/wp-json\/wp\/v2\/types\/page"}],"author":[{"embeddable":true,"href":"https:\/\/residencepdn.it\/es\/wp-json\/wp\/v2\/users\/1"}],"replies":[{"embeddable":true,"href":"https:\/\/residencepdn.it\/es\/wp-json\/wp\/v2\/comments?post=1293"}],"version-history":[{"count":0,"href":"https:\/\/residencepdn.it\/es\/wp-json\/wp\/v2\/pages\/1293\/revisions"}],"wp:attachment":[{"href":"https:\/\/residencepdn.it\/es\/wp-json\/wp\/v2\/media?parent=1293"}],"curies":[{"name":"wp","href":"https:\/\/api.w.org\/{rel}","templated":true}]}}