{"id":1303,"date":"2022-01-13T12:22:04","date_gmt":"2022-01-13T11:22:04","guid":{"rendered":"https:\/\/residencepdn.it\/appartamenti-milano\/"},"modified":"2022-01-26T10:55:45","modified_gmt":"2022-01-26T09:55:45","slug":"apartamentos","status":"publish","type":"page","link":"https:\/\/residencepdn.it\/es\/apartamentos\/","title":{"rendered":"Apartamentos con servicios"},"content":{"rendered":"<p>Para vuestra estancia en Mil\u00e1n, el\u00a0<strong>Residence Pian della Nave<\/strong>\u00a0ofrece dos tipolog\u00edas de\u00a0<strong>pisos de dos piezas<\/strong>\u00a0entre los 40 y 60 mc de superficie:<\/p>\n<ul>\n<li><strong>\u00a0Comfort: pr\u00e1cticos, sobrios y esenciales.<\/strong><\/li>\n<li><strong>\u00a0Superior: refinados en los detalles y con un abanico de servicios y dotaciones.<\/strong><\/li>\n<\/ul>\n<p>\nTodos nuestros\u00a0<strong>apartamentos con servicios<\/strong>\u00a0son disponibles para\u00a0<strong>periodos<\/strong>\u00a0<strong>largos y\u00a0<\/strong><strong>breves en Mil\u00e1n.\u00a0<\/strong>Todos\u00a0<strong>los pisos\u00a0<\/strong>son amplios y amueblados completamente. Est\u00e1n arreglados para 1, 2 o 3 personas y son las soluciones ideales para los que viajan por negocio o por placer.<\/p>\n","protected":false},"excerpt":{"rendered":"<p>Para vuestra estancia en Mil\u00e1n, el\u00a0Residence Pian della Nave\u00a0ofrece dos tipolog\u00edas de\u00a0pisos de dos piezas\u00a0entre los 40 y 60 mc de superficie: \u00a0Comfort: pr\u00e1cticos, sobrios y esenciales. \u00a0Superior: refinados en los detalles y con un abanico de servicios y dotaciones. Todos nuestros\u00a0apartamentos con servicios\u00a0son disponibles para\u00a0periodos\u00a0largos y\u00a0breves en Mil\u00e1n.\u00a0Todos\u00a0los pisos\u00a0son amplios y amueblados completamente. Est\u00e1n [&hellip;]<\/p>\n","protected":false},"author":1,"featured_media":0,"parent":0,"menu_order":0,"comment_status":"closed","ping_status":"closed","template":"","meta":{"_acf_changed":false,"footnotes":""},"class_list":["post-1303","page","type-page","status-publish","hentry"],"acf":[],"yoast_head":"<!-- This site is optimized with the Yoast SEO plugin v26.9 - https:\/\/yoast.com\/product\/yoast-seo-wordpress\/ -->\n<title>Apartamentos con servicios en Mil\u00e1n - Residence Pian della Nave Milano<\/title>\n<meta name=\"description\" content=\"Reserva apartamentos con servicios en Mil\u00e1n disponibles para periodos largos y breves. Todos los pisos son amplios y amueblados completamente. Est\u00e1n arreglados para 1, 2 o 3 personas y son las soluciones ideales para los que viajan por negocio o por placer.\" \/>\n<meta name=\"robots\" content=\"index, follow, max-snippet:-1, max-image-preview:large, max-video-preview:-1\" \/>\n<link rel=\"canonical\" href=\"https:\/\/residencepdn.it\/es\/apartamentos\/\" \/>\n<meta property=\"og:locale\" content=\"es_ES\" \/>\n<meta property=\"og:type\" content=\"article\" \/>\n<meta property=\"og:title\" content=\"Apartamentos con servicios en Mil\u00e1n - Residence Pian della Nave Milano\" \/>\n<meta property=\"og:description\" content=\"Reserva apartamentos con servicios en Mil\u00e1n disponibles para periodos largos y breves. Todos los pisos son amplios y amueblados completamente. Est\u00e1n arreglados para 1, 2 o 3 personas y son las soluciones ideales para los que viajan por negocio o por placer.\" \/>\n<meta property=\"og:url\" content=\"https:\/\/residencepdn.it\/es\/apartamentos\/\" \/>\n<meta property=\"og:site_name\" content=\"Residence Pian Della Nave\" \/>\n<meta property=\"article:modified_time\" content=\"2022-01-26T09:55:45+00:00\" \/>\n<meta name=\"twitter:card\" content=\"summary_large_image\" \/>\n<script type=\"application\/ld+json\" class=\"yoast-schema-graph\">{\"@context\":\"https:\/\/schema.org\",\"@graph\":[{\"@type\":\"WebPage\",\"@id\":\"https:\/\/residencepdn.it\/es\/apartamentos\/\",\"url\":\"https:\/\/residencepdn.it\/es\/apartamentos\/\",\"name\":\"Apartamentos con servicios en Mil\u00e1n - Residence Pian della Nave Milano\",\"isPartOf\":{\"@id\":\"https:\/\/residencepdn.it\/#website\"},\"datePublished\":\"2022-01-13T11:22:04+00:00\",\"dateModified\":\"2022-01-26T09:55:45+00:00\",\"description\":\"Reserva apartamentos con servicios en Mil\u00e1n disponibles para periodos largos y breves. Todos los pisos son amplios y amueblados completamente. Est\u00e1n arreglados para 1, 2 o 3 personas y son las soluciones ideales para los que viajan por negocio o por placer.\",\"breadcrumb\":{\"@id\":\"https:\/\/residencepdn.it\/es\/apartamentos\/#breadcrumb\"},\"inLanguage\":\"es\",\"potentialAction\":[{\"@type\":\"ReadAction\",\"target\":[\"https:\/\/residencepdn.it\/es\/apartamentos\/\"]}]},{\"@type\":\"BreadcrumbList\",\"@id\":\"https:\/\/residencepdn.it\/es\/apartamentos\/#breadcrumb\",\"itemListElement\":[{\"@type\":\"ListItem\",\"position\":1,\"name\":\"Home\",\"item\":\"https:\/\/residencepdn.it\/es\/\"},{\"@type\":\"ListItem\",\"position\":2,\"name\":\"Apartamentos con servicios\"}]},{\"@type\":\"WebSite\",\"@id\":\"https:\/\/residencepdn.it\/#website\",\"url\":\"https:\/\/residencepdn.it\/\",\"name\":\"Residence Pian Della Nave\",\"description\":\"Appartamenti residence Milano\",\"publisher\":{\"@id\":\"https:\/\/residencepdn.it\/#organization\"},\"potentialAction\":[{\"@type\":\"SearchAction\",\"target\":{\"@type\":\"EntryPoint\",\"urlTemplate\":\"https:\/\/residencepdn.it\/?s={search_term_string}\"},\"query-input\":{\"@type\":\"PropertyValueSpecification\",\"valueRequired\":true,\"valueName\":\"search_term_string\"}}],\"inLanguage\":\"es\"},{\"@type\":\"Organization\",\"@id\":\"https:\/\/residencepdn.it\/#organization\",\"name\":\"Pian della Nave Srl\",\"url\":\"https:\/\/residencepdn.it\/\",\"logo\":{\"@type\":\"ImageObject\",\"inLanguage\":\"es\",\"@id\":\"https:\/\/residencepdn.it\/#\/schema\/logo\/image\/\",\"url\":\"https:\/\/residencepdn.it\/wp-content\/uploads\/2022\/01\/residence-pian-della-nave-milano.png\",\"contentUrl\":\"https:\/\/residencepdn.it\/wp-content\/uploads\/2022\/01\/residence-pian-della-nave-milano.png\",\"width\":120,\"height\":101,\"caption\":\"Pian della Nave Srl\"},\"image\":{\"@id\":\"https:\/\/residencepdn.it\/#\/schema\/logo\/image\/\"}}]}<\/script>\n<!-- \/ Yoast SEO plugin. -->","yoast_head_json":{"title":"Apartamentos con servicios en Mil\u00e1n - Residence Pian della Nave Milano","description":"Reserva apartamentos con servicios en Mil\u00e1n disponibles para periodos largos y breves. Todos los pisos son amplios y amueblados completamente. Est\u00e1n arreglados para 1, 2 o 3 personas y son las soluciones ideales para los que viajan por negocio o por placer.","robots":{"index":"index","follow":"follow","max-snippet":"max-snippet:-1","max-image-preview":"max-image-preview:large","max-video-preview":"max-video-preview:-1"},"canonical":"https:\/\/residencepdn.it\/es\/apartamentos\/","og_locale":"es_ES","og_type":"article","og_title":"Apartamentos con servicios en Mil\u00e1n - Residence Pian della Nave Milano","og_description":"Reserva apartamentos con servicios en Mil\u00e1n disponibles para periodos largos y breves. Todos los pisos son amplios y amueblados completamente. Est\u00e1n arreglados para 1, 2 o 3 personas y son las soluciones ideales para los que viajan por negocio o por placer.","og_url":"https:\/\/residencepdn.it\/es\/apartamentos\/","og_site_name":"Residence Pian Della Nave","article_modified_time":"2022-01-26T09:55:45+00:00","twitter_card":"summary_large_image","schema":{"@context":"https:\/\/schema.org","@graph":[{"@type":"WebPage","@id":"https:\/\/residencepdn.it\/es\/apartamentos\/","url":"https:\/\/residencepdn.it\/es\/apartamentos\/","name":"Apartamentos con servicios en Mil\u00e1n - Residence Pian della Nave Milano","isPartOf":{"@id":"https:\/\/residencepdn.it\/#website"},"datePublished":"2022-01-13T11:22:04+00:00","dateModified":"2022-01-26T09:55:45+00:00","description":"Reserva apartamentos con servicios en Mil\u00e1n disponibles para periodos largos y breves. Todos los pisos son amplios y amueblados completamente. Est\u00e1n arreglados para 1, 2 o 3 personas y son las soluciones ideales para los que viajan por negocio o por placer.","breadcrumb":{"@id":"https:\/\/residencepdn.it\/es\/apartamentos\/#breadcrumb"},"inLanguage":"es","potentialAction":[{"@type":"ReadAction","target":["https:\/\/residencepdn.it\/es\/apartamentos\/"]}]},{"@type":"BreadcrumbList","@id":"https:\/\/residencepdn.it\/es\/apartamentos\/#breadcrumb","itemListElement":[{"@type":"ListItem","position":1,"name":"Home","item":"https:\/\/residencepdn.it\/es\/"},{"@type":"ListItem","position":2,"name":"Apartamentos con servicios"}]},{"@type":"WebSite","@id":"https:\/\/residencepdn.it\/#website","url":"https:\/\/residencepdn.it\/","name":"Residence Pian Della Nave","description":"Appartamenti residence Milano","publisher":{"@id":"https:\/\/residencepdn.it\/#organization"},"potentialAction":[{"@type":"SearchAction","target":{"@type":"EntryPoint","urlTemplate":"https:\/\/residencepdn.it\/?s={search_term_string}"},"query-input":{"@type":"PropertyValueSpecification","valueRequired":true,"valueName":"search_term_string"}}],"inLanguage":"es"},{"@type":"Organization","@id":"https:\/\/residencepdn.it\/#organization","name":"Pian della Nave Srl","url":"https:\/\/residencepdn.it\/","logo":{"@type":"ImageObject","inLanguage":"es","@id":"https:\/\/residencepdn.it\/#\/schema\/logo\/image\/","url":"https:\/\/residencepdn.it\/wp-content\/uploads\/2022\/01\/residence-pian-della-nave-milano.png","contentUrl":"https:\/\/residencepdn.it\/wp-content\/uploads\/2022\/01\/residence-pian-della-nave-milano.png","width":120,"height":101,"caption":"Pian della Nave Srl"},"image":{"@id":"https:\/\/residencepdn.it\/#\/schema\/logo\/image\/"}}]}},"_links":{"self":[{"href":"https:\/\/residencepdn.it\/es\/wp-json\/wp\/v2\/pages\/1303","targetHints":{"allow":["GET"]}}],"collection":[{"href":"https:\/\/residencepdn.it\/es\/wp-json\/wp\/v2\/pages"}],"about":[{"href":"https:\/\/residencepdn.it\/es\/wp-json\/wp\/v2\/types\/page"}],"author":[{"embeddable":true,"href":"https:\/\/residencepdn.it\/es\/wp-json\/wp\/v2\/users\/1"}],"replies":[{"embeddable":true,"href":"https:\/\/residencepdn.it\/es\/wp-json\/wp\/v2\/comments?post=1303"}],"version-history":[{"count":0,"href":"https:\/\/residencepdn.it\/es\/wp-json\/wp\/v2\/pages\/1303\/revisions"}],"wp:attachment":[{"href":"https:\/\/residencepdn.it\/es\/wp-json\/wp\/v2\/media?parent=1303"}],"curies":[{"name":"wp","href":"https:\/\/api.w.org\/{rel}","templated":true}]}}