{"id":1320,"date":"2022-01-13T12:24:57","date_gmt":"2022-01-13T11:24:57","guid":{"rendered":"https:\/\/residencepdn.it\/appartaments\/appartamenti-comfort\/"},"modified":"2022-01-26T09:51:01","modified_gmt":"2022-01-26T08:51:01","slug":"appartements-confort","status":"publish","type":"page","link":"https:\/\/residencepdn.it\/fr\/appartaments\/appartements-confort\/","title":{"rendered":"Appartements Confort"},"content":{"rendered":"<p>Les appartements Confort, pratiques et fonctionnelles, de grands appartements avec la taille de 40 \u00e0 60 m\u00e8tres carr\u00e9s et peut accueillir 1 \u00e0 3 personnes.<\/p>\n<p>Ils sont constitu\u00e9s de:<\/p>\n<ul>\n<li>entr\u00e9e<\/li>\n<li>Cuisine s\u00e9par\u00e9e enti\u00e8rement \u00e9quip\u00e9e avec fen\u00eatre<\/li>\n<li>Chambre<\/li>\n<li>Salon<\/li>\n<li>Salle de bains avec fen\u00eatre<\/li>\n<li>Balcon<\/li>\n<\/ul>\n<p>Ils ont tous les \u00e9quipements pour rendre votre s\u00e9jour confortable: climatisation, TV, t\u00e9l\u00e9phone, coffre-fort, s\u00e8che-cheveux, micro-ondes, connexion WiFi, Mediaset Premium<\/p>\n","protected":false},"excerpt":{"rendered":"<p>Les appartements Confort, pratiques et fonctionnelles, de grands appartements avec la taille de 40 \u00e0 60 m\u00e8tres carr\u00e9s et peut accueillir 1 \u00e0 3 personnes. Ils sont constitu\u00e9s de: entr\u00e9e Cuisine s\u00e9par\u00e9e enti\u00e8rement \u00e9quip\u00e9e avec fen\u00eatre Chambre Salon Salle de bains avec fen\u00eatre Balcon Ils ont tous les \u00e9quipements pour rendre votre s\u00e9jour confortable: climatisation, [&hellip;]<\/p>\n","protected":false},"author":1,"featured_media":457,"parent":1300,"menu_order":0,"comment_status":"closed","ping_status":"closed","template":"","meta":{"_acf_changed":false,"footnotes":""},"class_list":["post-1320","page","type-page","status-publish","has-post-thumbnail","hentry"],"acf":[],"yoast_head":"<!-- This site is optimized with the Yoast SEO plugin v26.9 - https:\/\/yoast.com\/product\/yoast-seo-wordpress\/ -->\n<title>Appartements Confort - Residence Pian della Nave Milan<\/title>\n<meta name=\"description\" content=\"Les appartements Confort, pratiques et fonctionnelles, de grands appartements avec la taille de 40 \u00e0 60 m\u00e8tres carr\u00e9s et peut accueillir 1 \u00e0 3 personnes.\" \/>\n<meta name=\"robots\" content=\"index, follow, max-snippet:-1, max-image-preview:large, max-video-preview:-1\" \/>\n<link rel=\"canonical\" href=\"https:\/\/residencepdn.it\/fr\/appartaments\/appartements-confort\/\" \/>\n<meta property=\"og:locale\" content=\"fr_FR\" \/>\n<meta property=\"og:type\" content=\"article\" \/>\n<meta property=\"og:title\" content=\"Appartements Confort - Residence Pian della Nave Milan\" \/>\n<meta property=\"og:description\" content=\"Les appartements Confort, pratiques et fonctionnelles, de grands appartements avec la taille de 40 \u00e0 60 m\u00e8tres carr\u00e9s et peut accueillir 1 \u00e0 3 personnes.\" \/>\n<meta property=\"og:url\" content=\"https:\/\/residencepdn.it\/fr\/appartaments\/appartements-confort\/\" \/>\n<meta property=\"og:site_name\" content=\"Residence Pian Della Nave\" \/>\n<meta property=\"article:modified_time\" content=\"2022-01-26T08:51:01+00:00\" \/>\n<meta property=\"og:image\" content=\"https:\/\/residencepdn.it\/wp-content\/uploads\/2022\/01\/comfort5.jpg\" \/>\n\t<meta property=\"og:image:width\" content=\"1248\" \/>\n\t<meta property=\"og:image:height\" content=\"832\" \/>\n\t<meta property=\"og:image:type\" content=\"image\/jpeg\" \/>\n<meta name=\"twitter:card\" content=\"summary_large_image\" \/>\n<script type=\"application\/ld+json\" class=\"yoast-schema-graph\">{\"@context\":\"https:\/\/schema.org\",\"@graph\":[{\"@type\":\"WebPage\",\"@id\":\"https:\/\/residencepdn.it\/fr\/appartaments\/appartements-confort\/\",\"url\":\"https:\/\/residencepdn.it\/fr\/appartaments\/appartements-confort\/\",\"name\":\"Appartements Confort - Residence Pian della Nave Milan\",\"isPartOf\":{\"@id\":\"https:\/\/residencepdn.it\/#website\"},\"primaryImageOfPage\":{\"@id\":\"https:\/\/residencepdn.it\/fr\/appartaments\/appartements-confort\/#primaryimage\"},\"image\":{\"@id\":\"https:\/\/residencepdn.it\/fr\/appartaments\/appartements-confort\/#primaryimage\"},\"thumbnailUrl\":\"https:\/\/residencepdn.it\/wp-content\/uploads\/2022\/01\/comfort5.jpg\",\"datePublished\":\"2022-01-13T11:24:57+00:00\",\"dateModified\":\"2022-01-26T08:51:01+00:00\",\"description\":\"Les appartements Confort, pratiques et fonctionnelles, de grands appartements avec la taille de 40 \u00e0 60 m\u00e8tres carr\u00e9s et peut accueillir 1 \u00e0 3 personnes.\",\"breadcrumb\":{\"@id\":\"https:\/\/residencepdn.it\/fr\/appartaments\/appartements-confort\/#breadcrumb\"},\"inLanguage\":\"fr-FR\",\"potentialAction\":[{\"@type\":\"ReadAction\",\"target\":[\"https:\/\/residencepdn.it\/fr\/appartaments\/appartements-confort\/\"]}]},{\"@type\":\"ImageObject\",\"inLanguage\":\"fr-FR\",\"@id\":\"https:\/\/residencepdn.it\/fr\/appartaments\/appartements-confort\/#primaryimage\",\"url\":\"https:\/\/residencepdn.it\/wp-content\/uploads\/2022\/01\/comfort5.jpg\",\"contentUrl\":\"https:\/\/residencepdn.it\/wp-content\/uploads\/2022\/01\/comfort5.jpg\",\"width\":1248,\"height\":832,\"caption\":\"Dettaglio salotto Appartamento comfort\"},{\"@type\":\"BreadcrumbList\",\"@id\":\"https:\/\/residencepdn.it\/fr\/appartaments\/appartements-confort\/#breadcrumb\",\"itemListElement\":[{\"@type\":\"ListItem\",\"position\":1,\"name\":\"Home\",\"item\":\"https:\/\/residencepdn.it\/fr\/\"},{\"@type\":\"ListItem\",\"position\":2,\"name\":\"Appartaments\",\"item\":\"https:\/\/residencepdn.it\/fr\/appartaments\/\"},{\"@type\":\"ListItem\",\"position\":3,\"name\":\"Appartements Confort\"}]},{\"@type\":\"WebSite\",\"@id\":\"https:\/\/residencepdn.it\/#website\",\"url\":\"https:\/\/residencepdn.it\/\",\"name\":\"Residence Pian Della Nave\",\"description\":\"Appartamenti residence Milano\",\"publisher\":{\"@id\":\"https:\/\/residencepdn.it\/#organization\"},\"potentialAction\":[{\"@type\":\"SearchAction\",\"target\":{\"@type\":\"EntryPoint\",\"urlTemplate\":\"https:\/\/residencepdn.it\/?s={search_term_string}\"},\"query-input\":{\"@type\":\"PropertyValueSpecification\",\"valueRequired\":true,\"valueName\":\"search_term_string\"}}],\"inLanguage\":\"fr-FR\"},{\"@type\":\"Organization\",\"@id\":\"https:\/\/residencepdn.it\/#organization\",\"name\":\"Pian della Nave Srl\",\"url\":\"https:\/\/residencepdn.it\/\",\"logo\":{\"@type\":\"ImageObject\",\"inLanguage\":\"fr-FR\",\"@id\":\"https:\/\/residencepdn.it\/#\/schema\/logo\/image\/\",\"url\":\"https:\/\/residencepdn.it\/wp-content\/uploads\/2022\/01\/residence-pian-della-nave-milano.png\",\"contentUrl\":\"https:\/\/residencepdn.it\/wp-content\/uploads\/2022\/01\/residence-pian-della-nave-milano.png\",\"width\":120,\"height\":101,\"caption\":\"Pian della Nave Srl\"},\"image\":{\"@id\":\"https:\/\/residencepdn.it\/#\/schema\/logo\/image\/\"}}]}<\/script>\n<!-- \/ Yoast SEO plugin. -->","yoast_head_json":{"title":"Appartements Confort - Residence Pian della Nave Milan","description":"Les appartements Confort, pratiques et fonctionnelles, de grands appartements avec la taille de 40 \u00e0 60 m\u00e8tres carr\u00e9s et peut accueillir 1 \u00e0 3 personnes.","robots":{"index":"index","follow":"follow","max-snippet":"max-snippet:-1","max-image-preview":"max-image-preview:large","max-video-preview":"max-video-preview:-1"},"canonical":"https:\/\/residencepdn.it\/fr\/appartaments\/appartements-confort\/","og_locale":"fr_FR","og_type":"article","og_title":"Appartements Confort - Residence Pian della Nave Milan","og_description":"Les appartements Confort, pratiques et fonctionnelles, de grands appartements avec la taille de 40 \u00e0 60 m\u00e8tres carr\u00e9s et peut accueillir 1 \u00e0 3 personnes.","og_url":"https:\/\/residencepdn.it\/fr\/appartaments\/appartements-confort\/","og_site_name":"Residence Pian Della Nave","article_modified_time":"2022-01-26T08:51:01+00:00","og_image":[{"width":1248,"height":832,"url":"https:\/\/residencepdn.it\/wp-content\/uploads\/2022\/01\/comfort5.jpg","type":"image\/jpeg"}],"twitter_card":"summary_large_image","schema":{"@context":"https:\/\/schema.org","@graph":[{"@type":"WebPage","@id":"https:\/\/residencepdn.it\/fr\/appartaments\/appartements-confort\/","url":"https:\/\/residencepdn.it\/fr\/appartaments\/appartements-confort\/","name":"Appartements Confort - Residence Pian della Nave Milan","isPartOf":{"@id":"https:\/\/residencepdn.it\/#website"},"primaryImageOfPage":{"@id":"https:\/\/residencepdn.it\/fr\/appartaments\/appartements-confort\/#primaryimage"},"image":{"@id":"https:\/\/residencepdn.it\/fr\/appartaments\/appartements-confort\/#primaryimage"},"thumbnailUrl":"https:\/\/residencepdn.it\/wp-content\/uploads\/2022\/01\/comfort5.jpg","datePublished":"2022-01-13T11:24:57+00:00","dateModified":"2022-01-26T08:51:01+00:00","description":"Les appartements Confort, pratiques et fonctionnelles, de grands appartements avec la taille de 40 \u00e0 60 m\u00e8tres carr\u00e9s et peut accueillir 1 \u00e0 3 personnes.","breadcrumb":{"@id":"https:\/\/residencepdn.it\/fr\/appartaments\/appartements-confort\/#breadcrumb"},"inLanguage":"fr-FR","potentialAction":[{"@type":"ReadAction","target":["https:\/\/residencepdn.it\/fr\/appartaments\/appartements-confort\/"]}]},{"@type":"ImageObject","inLanguage":"fr-FR","@id":"https:\/\/residencepdn.it\/fr\/appartaments\/appartements-confort\/#primaryimage","url":"https:\/\/residencepdn.it\/wp-content\/uploads\/2022\/01\/comfort5.jpg","contentUrl":"https:\/\/residencepdn.it\/wp-content\/uploads\/2022\/01\/comfort5.jpg","width":1248,"height":832,"caption":"Dettaglio salotto Appartamento comfort"},{"@type":"BreadcrumbList","@id":"https:\/\/residencepdn.it\/fr\/appartaments\/appartements-confort\/#breadcrumb","itemListElement":[{"@type":"ListItem","position":1,"name":"Home","item":"https:\/\/residencepdn.it\/fr\/"},{"@type":"ListItem","position":2,"name":"Appartaments","item":"https:\/\/residencepdn.it\/fr\/appartaments\/"},{"@type":"ListItem","position":3,"name":"Appartements Confort"}]},{"@type":"WebSite","@id":"https:\/\/residencepdn.it\/#website","url":"https:\/\/residencepdn.it\/","name":"Residence Pian Della Nave","description":"Appartamenti residence Milano","publisher":{"@id":"https:\/\/residencepdn.it\/#organization"},"potentialAction":[{"@type":"SearchAction","target":{"@type":"EntryPoint","urlTemplate":"https:\/\/residencepdn.it\/?s={search_term_string}"},"query-input":{"@type":"PropertyValueSpecification","valueRequired":true,"valueName":"search_term_string"}}],"inLanguage":"fr-FR"},{"@type":"Organization","@id":"https:\/\/residencepdn.it\/#organization","name":"Pian della Nave Srl","url":"https:\/\/residencepdn.it\/","logo":{"@type":"ImageObject","inLanguage":"fr-FR","@id":"https:\/\/residencepdn.it\/#\/schema\/logo\/image\/","url":"https:\/\/residencepdn.it\/wp-content\/uploads\/2022\/01\/residence-pian-della-nave-milano.png","contentUrl":"https:\/\/residencepdn.it\/wp-content\/uploads\/2022\/01\/residence-pian-della-nave-milano.png","width":120,"height":101,"caption":"Pian della Nave Srl"},"image":{"@id":"https:\/\/residencepdn.it\/#\/schema\/logo\/image\/"}}]}},"_links":{"self":[{"href":"https:\/\/residencepdn.it\/fr\/wp-json\/wp\/v2\/pages\/1320","targetHints":{"allow":["GET"]}}],"collection":[{"href":"https:\/\/residencepdn.it\/fr\/wp-json\/wp\/v2\/pages"}],"about":[{"href":"https:\/\/residencepdn.it\/fr\/wp-json\/wp\/v2\/types\/page"}],"author":[{"embeddable":true,"href":"https:\/\/residencepdn.it\/fr\/wp-json\/wp\/v2\/users\/1"}],"replies":[{"embeddable":true,"href":"https:\/\/residencepdn.it\/fr\/wp-json\/wp\/v2\/comments?post=1320"}],"version-history":[{"count":0,"href":"https:\/\/residencepdn.it\/fr\/wp-json\/wp\/v2\/pages\/1320\/revisions"}],"up":[{"embeddable":true,"href":"https:\/\/residencepdn.it\/fr\/wp-json\/wp\/v2\/pages\/1300"}],"wp:featuredmedia":[{"embeddable":true,"href":"https:\/\/residencepdn.it\/fr\/wp-json\/wp\/v2\/media\/457"}],"wp:attachment":[{"href":"https:\/\/residencepdn.it\/fr\/wp-json\/wp\/v2\/media?parent=1320"}],"curies":[{"name":"wp","href":"https:\/\/api.w.org\/{rel}","templated":true}]}}