{"id":1480,"date":"2022-01-18T15:22:13","date_gmt":"2022-01-18T14:22:13","guid":{"rendered":"https:\/\/residencepdn.it\/pourquoi-nous-choisir\/residence-milano-zona-lambrate\/"},"modified":"2022-05-09T10:20:40","modified_gmt":"2022-05-09T08:20:40","slug":"serviced-apartments-lambrate-milano","status":"publish","type":"page","link":"https:\/\/residencepdn.it\/fr\/pourquoi-nous-choisir\/serviced-apartments-lambrate-milano\/","title":{"rendered":"The district: Casoretto"},"content":{"rendered":"<p>Residence PDN Milan\u00a0is right in the heart of this district, where in the early 1900\u2019s there were only farms and fields.<\/p>\n<p>&nbsp;<\/p>\n<hr \/>\n<h3>\u00a0<\/h3>\n<h3>History \/ Background<\/h3>\n<p>Casoretto district was once part of the small town of\u00a0<strong>Lambrate<\/strong>\u00a0and it was developed around Santa Maria Bianca della Misericordia Church, also called &#8220;<em><strong>Casoretto Abbey<\/strong><\/em>&#8220;.<br \/>\nWith the growth of the city of Milan and its expansion, this part of the city slowly began to be gentrified with an architecture that attracted the growing middle class.<\/p>\n<p>&nbsp;<\/p>\n<hr \/>\n<h3>\u00a0<\/h3>\n<h3>Places of interest<\/h3>\n<p>We have prepared a selection of interesting places, suggested routes and a list of leisure activities, all nearby our Residence in the heart of <strong>Milan\u2019s Casoretto District<\/strong>. We have written down a small list of suggestions among the many opportunities the city and the neighbourhood offer. For any further information do not hesitate to ask our staff.<\/p>\n<ul>\n<li><strong><a title=\"Casoretto Abbey\" href=\"https:\/\/www.milanoguida.com\/visite-guidate\/abbazie-e-certose\/abbazia-bianca-casoretto\/\" target=\"_blank\" rel=\"noopener\">Casoretto Abbey<\/a><\/strong><\/li>\n<li><strong><a title=\"Politecnico Milano - The Chemistry, Material and Chemical Engineering Department &quot;Giulio Natta&quot; Library\" href=\"http:\/\/www.biblio.polimi.it\/en\/locations\/libraries\/chemistry-department-library\/\" target=\"_blank\" rel=\"noopener\">Politecnico Milano &#8211; The Chemistry, Material and Chemical Engineering Department &#8220;Giulio Natta&#8221; Library<\/a><\/strong><\/li>\n<li><strong><a title=\"Lambrate - Ventura  District\" href=\"http:\/\/www.madeinlambrate.com\/rete\/item\/ventura-lambrate\" target=\"_blank\" rel=\"noopener\">Lambrate &#8211; Ventura District<\/a><\/strong><\/li>\n<li><strong><a title=\"Naviglio Martesana River\" href=\"http:\/\/www.turismo.milano.it\/wps\/portal\/tur\/en\/scoprilacitta\/itinerari\/naviglio_della_martesana\" target=\"_blank\" rel=\"noopener\">Naviglio Martesana River<\/a><\/strong><\/li>\n<li><strong><a title=\"Frigoriferi Milanesi - Contemporary Art Center\" href=\"http:\/\/www.flawlessmilano.com\/en\/frigoriferi-milanesi\/\" target=\"_blank\" rel=\"noopener\">Frigoriferi Milanesi &#8211; Contemporary Art Center<\/a><\/strong><\/li>\n<\/ul>\n<p>&nbsp;<\/p>\n<hr \/>\n<h3>\u00a0<\/h3>\n<h3>Restaurants<\/h3>\n<ul>\n<li><strong><a title=\"Upcycle Milano Bike Caf\u00e8\" href=\"http:\/\/www.upcyclecafe.it\/\" target=\"_blank\" rel=\"noopener\">Upcycle Milano Bike Caf\u00e8<\/a><\/strong>\u00a0, Via Amp\u00e8re 59- Milano<\/li>\n<li><strong><a title=\"Trattoria Mirta\" href=\"http:\/\/www.trattoriamirta.it\/\" target=\"_blank\" rel=\"noopener\">Trattoria Mirta<\/a><\/strong>, Piazza S. Materno, 12, Milano\u00a0<\/li>\n<li><strong><a title=\"Ristorante Il Faro\" href=\"http:\/\/www.ilfaroristorantemilano.it\/\" target=\"_blank\" rel=\"noopener\">Ristorante Il Faro<\/a><\/strong>, Piazza S. Materno, 8, Milano<\/li>\n<li><strong><a title=\"Al\u2019 Less\" href=\"http:\/\/www.alless.it\/\" target=\"_blank\" rel=\"noopener\">Al\u2019 Less<\/a><\/strong>, Viale Lombardia 28, Milano<\/li>\n<\/ul>\n<p>&nbsp;<\/p>\n<hr \/>\n<h3>\u00a0<\/h3>\n<h3>Bars and patisserie<\/h3>\n<ul>\n<li><a title=\"Dolci Tradizioni\" href=\"http:\/\/www.ledolcitradizioni.com\/\" target=\"_blank\" rel=\"noopener\"><strong>Dolci Tradizioni<\/strong><\/a>, Via Amp\u00e8re 122, Milano<\/li>\n<li><strong>Pasticceria Scaringi<\/strong>, Viale Monza 32, Milano\u00a0<\/li>\n<li><strong><a title=\"La Siciliana\" href=\"https:\/\/www.lasicilianadal1956.it\/\" target=\"_blank\" rel=\"noopener\">La Siciliana<\/a><\/strong>, Via Teodosio 85, Milano<\/li>\n<\/ul>\n<p>&nbsp;<\/p>\n<hr \/>\n<h3>\u00a0<\/h3>\n<h3>Gym<\/h3>\n<p><a title=\"GetFit Lambrate\" href=\"http:\/\/www.getfit.it\/\" target=\"_blank\" rel=\"noopener\">GetFit Lambrate<\/a>. Gym with Spa.\u00a0<strong>Discounted rates for our guests and short-stay subscriptions<\/strong>.<\/p>\n<p>&nbsp;<\/p>\n<hr \/>\n<h3>\u00a0<\/h3>\n<h3>Hair-stylist<\/h3>\n<p><strong><a title=\"L'italiano Parrucchieri\" href=\"http:\/\/www.litalianoparrucchieri.it\/\" target=\"_blank\" rel=\"noopener\">L\u2019italiano Parrucchieri<\/a><\/strong>, Via Casoretto, 6<\/p>\n<p>&nbsp;<\/p>\n<hr \/>\n<h3>\u00a0<\/h3>\n<h3>Shops<\/h3>\n<ul>\n<li><strong><a title=\"Cargo Milano\" href=\"http:\/\/www.cargomilano.it\/\" target=\"_blank\" rel=\"noopener\">Cargo Milano<\/a><\/strong>\u00a0\u2013 Hightech Design Via Meucci, 39 Milano<\/li>\n<li><strong><a title=\"Capo Verde\" href=\"http:\/\/www.capoverde.com\/\" target=\"_blank\" rel=\"noopener\">Capo Verde<\/a><\/strong>\u00a0\u2013 Fioraio Vivaio ed Erboristeria Via Leoncavallo, 16<\/li>\n<\/ul>\n<p>&nbsp;<\/p>\n<hr \/>\n<h3>\u00a0<\/h3>\n<h3>Local Food and clothes markets<\/h3>\n<p>&#8220;<em><strong>Amp\u00e8re<\/strong><\/em>&#8221; weekly market, every Thursday morning from 07.30 to 14.00<br \/>\nAddress: Via Amp\u00e8re, Milano.<\/p>\n<p>&#8220;<em><strong>Benedetto Marcello<\/strong><\/em>&#8220;, weekly market , every Tuesday from 07.30 to 14.00 and all Saturdays from 07.30 to 18.00.<br \/>\nAddress: Via Benedetto Marcello,Milano.<\/p>\n<p>&nbsp;<\/p>\n<hr \/>\n<h3>\u00a0<\/h3>\n<h3>East market<\/h3>\n<p>East market is\u00a0<strong>the first marketplace where everyone can buy<\/strong>, sell or swap any kind of stuff. The inspiration comes from East London markets, where you can find antiques, furniture, vintage, second hand,sneakers, vynil, curiosities, oddities and old collections.<br \/>\nThe entrance is free all day long, you can walk throught the stands, have a breakfast or lunch at the\u00a0<strong>food market<\/strong>, or have a beer on the djset.<br \/>\nAt every edition there is a food market, where you can eat all day long, where you can taste any kind of food.<br \/>\nEast market location is an old engineering company, made in the second world war, an industrial charming location in the heart of\u00a0<strong>Ventura Design District<\/strong>\u00a0in Milan.<br \/>\n<strong>Discover new events here<\/strong>:\u00a0<a title=\"East market\" href=\"https:\/\/www.eastmarketmilano.com\/\" target=\"_blank\" rel=\"noopener\">www.eastmarketmilano.com<\/a><br \/>\n<strong>Address<\/strong>: Via Ventura,14 Milan.<\/p>\n","protected":false},"excerpt":{"rendered":"<p>Residence PDN Milan\u00a0is right in the heart of this district, where in the early 1900\u2019s there were only farms and fields. &nbsp; \u00a0 History \/ Background Casoretto district was once part of the small town of\u00a0Lambrate\u00a0and it was developed around Santa Maria Bianca della Misericordia Church, also called &#8220;Casoretto Abbey&#8220;. With the growth of the [&hellip;]<\/p>\n","protected":false},"author":1,"featured_media":997,"parent":1452,"menu_order":0,"comment_status":"closed","ping_status":"closed","template":"","meta":{"_acf_changed":false,"footnotes":""},"class_list":["post-1480","page","type-page","status-publish","has-post-thumbnail","hentry"],"acf":[],"yoast_head":"<!-- This site is optimized with the Yoast SEO plugin v26.9 - https:\/\/yoast.com\/product\/yoast-seo-wordpress\/ -->\n<title>The district: Casoretto - Residence Pian della Nave Milan<\/title>\n<meta name=\"description\" content=\"The district: Casoretto\" \/>\n<meta name=\"robots\" content=\"index, follow, max-snippet:-1, max-image-preview:large, max-video-preview:-1\" \/>\n<link rel=\"canonical\" href=\"https:\/\/residencepdn.it\/fr\/pourquoi-nous-choisir\/serviced-apartments-lambrate-milano\/\" \/>\n<meta property=\"og:locale\" content=\"fr_FR\" \/>\n<meta property=\"og:type\" content=\"article\" \/>\n<meta property=\"og:title\" content=\"The district: Casoretto - Residence Pian della Nave Milan\" \/>\n<meta property=\"og:description\" content=\"The district: Casoretto\" \/>\n<meta property=\"og:url\" content=\"https:\/\/residencepdn.it\/fr\/pourquoi-nous-choisir\/serviced-apartments-lambrate-milano\/\" \/>\n<meta property=\"og:site_name\" content=\"Residence Pian Della Nave\" \/>\n<meta property=\"article:modified_time\" content=\"2022-05-09T08:20:40+00:00\" \/>\n<meta property=\"og:image\" content=\"https:\/\/residencepdn.it\/wp-content\/uploads\/2022\/01\/residence-milano-zona-lambtrate-abbazia-casoretto.jpg\" \/>\n\t<meta property=\"og:image:width\" content=\"900\" \/>\n\t<meta property=\"og:image:height\" content=\"600\" \/>\n\t<meta property=\"og:image:type\" content=\"image\/jpeg\" \/>\n<meta name=\"twitter:card\" content=\"summary_large_image\" \/>\n<meta name=\"twitter:label1\" content=\"Dur\u00e9e de lecture estim\u00e9e\" \/>\n\t<meta name=\"twitter:data1\" content=\"3 minutes\" \/>\n<script type=\"application\/ld+json\" class=\"yoast-schema-graph\">{\"@context\":\"https:\/\/schema.org\",\"@graph\":[{\"@type\":\"WebPage\",\"@id\":\"https:\/\/residencepdn.it\/fr\/pourquoi-nous-choisir\/serviced-apartments-lambrate-milano\/\",\"url\":\"https:\/\/residencepdn.it\/fr\/pourquoi-nous-choisir\/serviced-apartments-lambrate-milano\/\",\"name\":\"The district: Casoretto - Residence Pian della Nave Milan\",\"isPartOf\":{\"@id\":\"https:\/\/residencepdn.it\/#website\"},\"primaryImageOfPage\":{\"@id\":\"https:\/\/residencepdn.it\/fr\/pourquoi-nous-choisir\/serviced-apartments-lambrate-milano\/#primaryimage\"},\"image\":{\"@id\":\"https:\/\/residencepdn.it\/fr\/pourquoi-nous-choisir\/serviced-apartments-lambrate-milano\/#primaryimage\"},\"thumbnailUrl\":\"https:\/\/residencepdn.it\/wp-content\/uploads\/2022\/01\/residence-milano-zona-lambtrate-abbazia-casoretto.jpg\",\"datePublished\":\"2022-01-18T14:22:13+00:00\",\"dateModified\":\"2022-05-09T08:20:40+00:00\",\"description\":\"The district: Casoretto\",\"breadcrumb\":{\"@id\":\"https:\/\/residencepdn.it\/fr\/pourquoi-nous-choisir\/serviced-apartments-lambrate-milano\/#breadcrumb\"},\"inLanguage\":\"fr-FR\",\"potentialAction\":[{\"@type\":\"ReadAction\",\"target\":[\"https:\/\/residencepdn.it\/fr\/pourquoi-nous-choisir\/serviced-apartments-lambrate-milano\/\"]}]},{\"@type\":\"ImageObject\",\"inLanguage\":\"fr-FR\",\"@id\":\"https:\/\/residencepdn.it\/fr\/pourquoi-nous-choisir\/serviced-apartments-lambrate-milano\/#primaryimage\",\"url\":\"https:\/\/residencepdn.it\/wp-content\/uploads\/2022\/01\/residence-milano-zona-lambtrate-abbazia-casoretto.jpg\",\"contentUrl\":\"https:\/\/residencepdn.it\/wp-content\/uploads\/2022\/01\/residence-milano-zona-lambtrate-abbazia-casoretto.jpg\",\"width\":900,\"height\":600,\"caption\":\"Cenni Storici Secondo l'uso del dialetto milanese il nome del quartiere \u00e8 sempre preceduto dall'articolo determinativo, per cui per tutti \u00e8 \\\"Il Casoretto\\\" , al milanese \\\"El Casur\u00e8t\\\". Per analogia la chiesa al centro del quartiere, quella di Santa Maria Bianca in via Casoretto, \u00e8 definita come la \\\"Chiesa del Casoretto\\\", anche se il nome corretto \u00e8 abbazia di Casoretto. Il Casoretto era un tempo una frazione del comune di Lambrate e si sviluppava attorno, appunto, all\u2019omonima chiesa di Santa Maria Bianca della Misericordia, detta semplicemente \\\"abbazia di Casoretto\\\". Con la crescita della citt\u00e0 e la sua espansione, questa porzione di citt\u00e0 pian piano inizi\u00f2 ad essere sviluppata con una architettura che attraesse una classe medio borghese affiancata a quartieri di case popolari. Luoghi di interesse Residence Milano Lambrate, vicino alla biblioteca del Dipartimento di chimica industriale del Politecnico di MilanoAbbiamo preparato una selezione di luoghi interessanti, percorsi suggeriti ed un elenco di attivit\u00e0 commerciali che Vi potranno essere utili se deciderete di trascorrere il vostro soggiorno a Milano al Residence Pian della Nave e nel quartiere Casoretto. Sono dei piccoli suggerimenti tra le numerose opportunit\u00e0 che la citt\u00e0 e la zona offrono. Abbazia di Casoretto Biblioteca del Dipartimento di chimica industriale Giulio Natta sede Mancinelli del Politecnico di Milano Lambrate - Ventura Naviglio Martesana I Frigoriferi Milanesi Teatro Elfo Teatro Martinitt Teatro Parenti Spazio Tadini Frigoriferi Milanesi (palazzo del ghiaccio) Appartamenti a Milano Lambrate vicino ai Frigoriferi Milanesi\"},{\"@type\":\"BreadcrumbList\",\"@id\":\"https:\/\/residencepdn.it\/fr\/pourquoi-nous-choisir\/serviced-apartments-lambrate-milano\/#breadcrumb\",\"itemListElement\":[{\"@type\":\"ListItem\",\"position\":1,\"name\":\"Home\",\"item\":\"https:\/\/residencepdn.it\/fr\/\"},{\"@type\":\"ListItem\",\"position\":2,\"name\":\"Pourquoi nous choisir?\",\"item\":\"https:\/\/residencepdn.it\/fr\/pourquoi-nous-choisir\/\"},{\"@type\":\"ListItem\",\"position\":3,\"name\":\"The district: Casoretto\"}]},{\"@type\":\"WebSite\",\"@id\":\"https:\/\/residencepdn.it\/#website\",\"url\":\"https:\/\/residencepdn.it\/\",\"name\":\"Residence Pian Della Nave\",\"description\":\"Appartamenti residence Milano\",\"publisher\":{\"@id\":\"https:\/\/residencepdn.it\/#organization\"},\"potentialAction\":[{\"@type\":\"SearchAction\",\"target\":{\"@type\":\"EntryPoint\",\"urlTemplate\":\"https:\/\/residencepdn.it\/?s={search_term_string}\"},\"query-input\":{\"@type\":\"PropertyValueSpecification\",\"valueRequired\":true,\"valueName\":\"search_term_string\"}}],\"inLanguage\":\"fr-FR\"},{\"@type\":\"Organization\",\"@id\":\"https:\/\/residencepdn.it\/#organization\",\"name\":\"Pian della Nave Srl\",\"url\":\"https:\/\/residencepdn.it\/\",\"logo\":{\"@type\":\"ImageObject\",\"inLanguage\":\"fr-FR\",\"@id\":\"https:\/\/residencepdn.it\/#\/schema\/logo\/image\/\",\"url\":\"https:\/\/residencepdn.it\/wp-content\/uploads\/2022\/01\/residence-pian-della-nave-milano.png\",\"contentUrl\":\"https:\/\/residencepdn.it\/wp-content\/uploads\/2022\/01\/residence-pian-della-nave-milano.png\",\"width\":120,\"height\":101,\"caption\":\"Pian della Nave Srl\"},\"image\":{\"@id\":\"https:\/\/residencepdn.it\/#\/schema\/logo\/image\/\"}}]}<\/script>\n<!-- \/ Yoast SEO plugin. -->","yoast_head_json":{"title":"The district: Casoretto - Residence Pian della Nave Milan","description":"The district: Casoretto","robots":{"index":"index","follow":"follow","max-snippet":"max-snippet:-1","max-image-preview":"max-image-preview:large","max-video-preview":"max-video-preview:-1"},"canonical":"https:\/\/residencepdn.it\/fr\/pourquoi-nous-choisir\/serviced-apartments-lambrate-milano\/","og_locale":"fr_FR","og_type":"article","og_title":"The district: Casoretto - Residence Pian della Nave Milan","og_description":"The district: Casoretto","og_url":"https:\/\/residencepdn.it\/fr\/pourquoi-nous-choisir\/serviced-apartments-lambrate-milano\/","og_site_name":"Residence Pian Della Nave","article_modified_time":"2022-05-09T08:20:40+00:00","og_image":[{"width":900,"height":600,"url":"https:\/\/residencepdn.it\/wp-content\/uploads\/2022\/01\/residence-milano-zona-lambtrate-abbazia-casoretto.jpg","type":"image\/jpeg"}],"twitter_card":"summary_large_image","twitter_misc":{"Dur\u00e9e de lecture estim\u00e9e":"3 minutes"},"schema":{"@context":"https:\/\/schema.org","@graph":[{"@type":"WebPage","@id":"https:\/\/residencepdn.it\/fr\/pourquoi-nous-choisir\/serviced-apartments-lambrate-milano\/","url":"https:\/\/residencepdn.it\/fr\/pourquoi-nous-choisir\/serviced-apartments-lambrate-milano\/","name":"The district: Casoretto - Residence Pian della Nave Milan","isPartOf":{"@id":"https:\/\/residencepdn.it\/#website"},"primaryImageOfPage":{"@id":"https:\/\/residencepdn.it\/fr\/pourquoi-nous-choisir\/serviced-apartments-lambrate-milano\/#primaryimage"},"image":{"@id":"https:\/\/residencepdn.it\/fr\/pourquoi-nous-choisir\/serviced-apartments-lambrate-milano\/#primaryimage"},"thumbnailUrl":"https:\/\/residencepdn.it\/wp-content\/uploads\/2022\/01\/residence-milano-zona-lambtrate-abbazia-casoretto.jpg","datePublished":"2022-01-18T14:22:13+00:00","dateModified":"2022-05-09T08:20:40+00:00","description":"The district: Casoretto","breadcrumb":{"@id":"https:\/\/residencepdn.it\/fr\/pourquoi-nous-choisir\/serviced-apartments-lambrate-milano\/#breadcrumb"},"inLanguage":"fr-FR","potentialAction":[{"@type":"ReadAction","target":["https:\/\/residencepdn.it\/fr\/pourquoi-nous-choisir\/serviced-apartments-lambrate-milano\/"]}]},{"@type":"ImageObject","inLanguage":"fr-FR","@id":"https:\/\/residencepdn.it\/fr\/pourquoi-nous-choisir\/serviced-apartments-lambrate-milano\/#primaryimage","url":"https:\/\/residencepdn.it\/wp-content\/uploads\/2022\/01\/residence-milano-zona-lambtrate-abbazia-casoretto.jpg","contentUrl":"https:\/\/residencepdn.it\/wp-content\/uploads\/2022\/01\/residence-milano-zona-lambtrate-abbazia-casoretto.jpg","width":900,"height":600,"caption":"Cenni Storici Secondo l'uso del dialetto milanese il nome del quartiere \u00e8 sempre preceduto dall'articolo determinativo, per cui per tutti \u00e8 \"Il Casoretto\" , al milanese \"El Casur\u00e8t\". Per analogia la chiesa al centro del quartiere, quella di Santa Maria Bianca in via Casoretto, \u00e8 definita come la \"Chiesa del Casoretto\", anche se il nome corretto \u00e8 abbazia di Casoretto. Il Casoretto era un tempo una frazione del comune di Lambrate e si sviluppava attorno, appunto, all\u2019omonima chiesa di Santa Maria Bianca della Misericordia, detta semplicemente \"abbazia di Casoretto\". Con la crescita della citt\u00e0 e la sua espansione, questa porzione di citt\u00e0 pian piano inizi\u00f2 ad essere sviluppata con una architettura che attraesse una classe medio borghese affiancata a quartieri di case popolari. Luoghi di interesse Residence Milano Lambrate, vicino alla biblioteca del Dipartimento di chimica industriale del Politecnico di MilanoAbbiamo preparato una selezione di luoghi interessanti, percorsi suggeriti ed un elenco di attivit\u00e0 commerciali che Vi potranno essere utili se deciderete di trascorrere il vostro soggiorno a Milano al Residence Pian della Nave e nel quartiere Casoretto. Sono dei piccoli suggerimenti tra le numerose opportunit\u00e0 che la citt\u00e0 e la zona offrono. Abbazia di Casoretto Biblioteca del Dipartimento di chimica industriale Giulio Natta sede Mancinelli del Politecnico di Milano Lambrate - Ventura Naviglio Martesana I Frigoriferi Milanesi Teatro Elfo Teatro Martinitt Teatro Parenti Spazio Tadini Frigoriferi Milanesi (palazzo del ghiaccio) Appartamenti a Milano Lambrate vicino ai Frigoriferi Milanesi"},{"@type":"BreadcrumbList","@id":"https:\/\/residencepdn.it\/fr\/pourquoi-nous-choisir\/serviced-apartments-lambrate-milano\/#breadcrumb","itemListElement":[{"@type":"ListItem","position":1,"name":"Home","item":"https:\/\/residencepdn.it\/fr\/"},{"@type":"ListItem","position":2,"name":"Pourquoi nous choisir?","item":"https:\/\/residencepdn.it\/fr\/pourquoi-nous-choisir\/"},{"@type":"ListItem","position":3,"name":"The district: Casoretto"}]},{"@type":"WebSite","@id":"https:\/\/residencepdn.it\/#website","url":"https:\/\/residencepdn.it\/","name":"Residence Pian Della Nave","description":"Appartamenti residence Milano","publisher":{"@id":"https:\/\/residencepdn.it\/#organization"},"potentialAction":[{"@type":"SearchAction","target":{"@type":"EntryPoint","urlTemplate":"https:\/\/residencepdn.it\/?s={search_term_string}"},"query-input":{"@type":"PropertyValueSpecification","valueRequired":true,"valueName":"search_term_string"}}],"inLanguage":"fr-FR"},{"@type":"Organization","@id":"https:\/\/residencepdn.it\/#organization","name":"Pian della Nave Srl","url":"https:\/\/residencepdn.it\/","logo":{"@type":"ImageObject","inLanguage":"fr-FR","@id":"https:\/\/residencepdn.it\/#\/schema\/logo\/image\/","url":"https:\/\/residencepdn.it\/wp-content\/uploads\/2022\/01\/residence-pian-della-nave-milano.png","contentUrl":"https:\/\/residencepdn.it\/wp-content\/uploads\/2022\/01\/residence-pian-della-nave-milano.png","width":120,"height":101,"caption":"Pian della Nave Srl"},"image":{"@id":"https:\/\/residencepdn.it\/#\/schema\/logo\/image\/"}}]}},"_links":{"self":[{"href":"https:\/\/residencepdn.it\/fr\/wp-json\/wp\/v2\/pages\/1480","targetHints":{"allow":["GET"]}}],"collection":[{"href":"https:\/\/residencepdn.it\/fr\/wp-json\/wp\/v2\/pages"}],"about":[{"href":"https:\/\/residencepdn.it\/fr\/wp-json\/wp\/v2\/types\/page"}],"author":[{"embeddable":true,"href":"https:\/\/residencepdn.it\/fr\/wp-json\/wp\/v2\/users\/1"}],"replies":[{"embeddable":true,"href":"https:\/\/residencepdn.it\/fr\/wp-json\/wp\/v2\/comments?post=1480"}],"version-history":[{"count":0,"href":"https:\/\/residencepdn.it\/fr\/wp-json\/wp\/v2\/pages\/1480\/revisions"}],"up":[{"embeddable":true,"href":"https:\/\/residencepdn.it\/fr\/wp-json\/wp\/v2\/pages\/1452"}],"wp:featuredmedia":[{"embeddable":true,"href":"https:\/\/residencepdn.it\/fr\/wp-json\/wp\/v2\/media\/997"}],"wp:attachment":[{"href":"https:\/\/residencepdn.it\/fr\/wp-json\/wp\/v2\/media?parent=1480"}],"curies":[{"name":"wp","href":"https:\/\/api.w.org\/{rel}","templated":true}]}}